{"id":503,"date":"2013-10-21T09:02:31","date_gmt":"2013-10-21T07:02:31","guid":{"rendered":"http:\/\/iesmendillorribhi.educacion.navarra.es\/blogs\/?page_id=503"},"modified":"2022-01-20T12:38:26","modified_gmt":"2022-01-20T11:38:26","slug":"eskola-kontseilua","status":"publish","type":"page","link":"https:\/\/iesmendillorribhi.educacion.navarra.es\/blogs\/eu\/eskola-kontseilua\/","title":{"rendered":"Eskola Kontseilua"},"content":{"rendered":"\n<p>Egungo eskola kontseiluaren osakera honako hau da:<\/p>\n\n\n\n<figure class=\"wp-block-table alignwide is-style-regular\"><table><tbody><tr><td><strong>ZUZENDARITZA<\/strong><\/td><td>Erkuden Go\u00f1i<br>Raquel \u00c1lvarez<br>Andrea Madotz<br>Eder Arbe<\/td><\/tr><tr><td><strong>IRAKASLEAK<\/strong><\/td><td>Eva Iba\u00f1ez<br>Eli D\u00edaz<br>Leonor Arellano<br>Carlos Astr\u00e1in<br><\/td><\/tr><tr><td><strong>GURASOAK<\/strong><\/td><td>El\u00edas Javier Font\u00e9riz<br>Goretti Gallego<\/td><\/tr><tr><td><strong>IKASLEAK<\/strong><\/td><td><\/td><\/tr><tr><td><strong>AZL<\/strong><\/td><td>Josi Barrena<\/td><\/tr><tr><td><strong>GURASO ELKARTEAK<\/strong><\/td><td>Oskia Red\u00edn<\/td><\/tr><tr><td><strong>UDALETXEA<\/strong><\/td><td>Cristina Mart\u00ednez<\/td><\/tr><\/tbody><\/table><\/figure>\n","protected":false},"excerpt":{"rendered":"<p>Egungo eskola kontseiluaren osakera honako hau da: ZUZENDARITZA Erkuden Go\u00f1iRaquel \u00c1lvarezAndrea MadotzEder Arbe IRAKASLEAK Eva Iba\u00f1ezEli D\u00edazLeonor ArellanoCarlos Astr\u00e1in GURASOAK El\u00edas Javier Font\u00e9rizGoretti Gallego IKASLEAK AZL Josi Barrena GURASO ELKARTEAK Oskia Red\u00edn UDALETXEA Cristina Mart\u00ednez<\/p>\n","protected":false},"author":110,"featured_media":4561,"parent":0,"menu_order":0,"comment_status":"closed","ping_status":"open","template":"","meta":{"_genesis_hide_title":false,"_genesis_hide_breadcrumbs":false,"_genesis_hide_singular_image":false,"_genesis_hide_footer_widgets":false,"_genesis_custom_body_class":"","_genesis_custom_post_class":"","_genesis_layout":""},"featured_image_src":"https:\/\/iesmendillorribhi.educacion.navarra.es\/blogs\/wp-content\/uploads\/2021\/04\/orrialdeakirudia-2-600x400.png","featured_image_src_square":"https:\/\/iesmendillorribhi.educacion.navarra.es\/blogs\/wp-content\/uploads\/2021\/04\/orrialdeakirudia-2-600x600.png","_links":{"self":[{"href":"https:\/\/iesmendillorribhi.educacion.navarra.es\/blogs\/eu\/wp-json\/wp\/v2\/pages\/503"}],"collection":[{"href":"https:\/\/iesmendillorribhi.educacion.navarra.es\/blogs\/eu\/wp-json\/wp\/v2\/pages"}],"about":[{"href":"https:\/\/iesmendillorribhi.educacion.navarra.es\/blogs\/eu\/wp-json\/wp\/v2\/types\/page"}],"author":[{"embeddable":true,"href":"https:\/\/iesmendillorribhi.educacion.navarra.es\/blogs\/eu\/wp-json\/wp\/v2\/users\/110"}],"replies":[{"embeddable":true,"href":"https:\/\/iesmendillorribhi.educacion.navarra.es\/blogs\/eu\/wp-json\/wp\/v2\/comments?post=503"}],"version-history":[{"count":23,"href":"https:\/\/iesmendillorribhi.educacion.navarra.es\/blogs\/eu\/wp-json\/wp\/v2\/pages\/503\/revisions"}],"predecessor-version":[{"id":6049,"href":"https:\/\/iesmendillorribhi.educacion.navarra.es\/blogs\/eu\/wp-json\/wp\/v2\/pages\/503\/revisions\/6049"}],"wp:featuredmedia":[{"embeddable":true,"href":"https:\/\/iesmendillorribhi.educacion.navarra.es\/blogs\/eu\/wp-json\/wp\/v2\/media\/4561"}],"wp:attachment":[{"href":"https:\/\/iesmendillorribhi.educacion.navarra.es\/blogs\/eu\/wp-json\/wp\/v2\/media?parent=503"}],"curies":[{"name":"wp","href":"https:\/\/api.w.org\/{rel}","templated":true}]}}