{"id":153,"date":"2012-02-02T22:37:39","date_gmt":"2012-02-02T21:37:39","guid":{"rendered":"http:\/\/iesmendillorribhi.educacion.navarra.es\/blogs\/mate\/?page_id=153"},"modified":"2012-05-20T12:44:21","modified_gmt":"2012-05-20T11:44:21","slug":"pre-olimpiada-2","status":"publish","type":"page","link":"https:\/\/iesmendillorribhi.educacion.navarra.es\/blogs\/mate\/pre-olimpiada-2\/","title":{"rendered":"PreOlimpiada"},"content":{"rendered":"<h3>La Asociaci\u00f3n de Profesores de Matem\u00e1ticas de Navarra, Tornamira, organiza cada a\u00f1o una Olimpiada Matem\u00e1tica para alumnos de 2\u00ba ESO. Este curso 2011-2012, se celebra la XXVII.<\/h3>\n<h2><a title=\"Alumnos Olimpiadas\" href=\"http:\/\/iesmendillorribhi.educacion.navarra.es\/blogs\/mate\/pre-olimpiada-2\/alumnos\/\">Alumnos del instituto que han participado en anteriores ediciones<\/a><\/h2>\n<h2><a title=\"Problemas Olimpiadas\" href=\"http:\/\/iesmendillorribhi.educacion.navarra.es\/blogs\/mate\/pre-olimpiada-2\/problemas-olimpiadas\/\">Problemas de\u00a0 anteriores Olimpiadas<\/a><\/h2>\n<h3>Para animarte <strong>a hacer matem\u00e1ticas <\/strong><strong>resolviendo problemas<\/strong> y ayudar a preparar la <strong>XXV Olimpiada de Matem\u00e1ticas Tornamira,\u00a0<\/strong> hemos creado este concurso:<\/h3>\n<h2><a title=\"Curso 2011\/12\" href=\"http:\/\/iesmendillorribhi.educacion.navarra.es\/blogs\/mate\/\"><span style=\"color: #ff0000;\">Pre-Olimpiada 2011\/12<\/span><\/a><\/h2>\n<h3><a title=\"Curso 2010-11\" href=\"http:\/\/iesmendillorribhi.educacion.navarra.es\/blogs\/mate\/pre-olimpiada-2\/nn\/\">Pre-Olimpiada 2010\/11<\/a><\/h3>\n<p>&nbsp;<\/p>\n<p>&nbsp;<\/p>\n","protected":false},"excerpt":{"rendered":"<p>La Asociaci\u00f3n de Profesores de Matem\u00e1ticas de Navarra, Tornamira, organiza cada a\u00f1o una Olimpiada Matem\u00e1tica para alumnos de 2\u00ba ESO. Este curso 2011-2012, se celebra la XXVII. Alumnos del instituto que han participado en anteriores ediciones Problemas de\u00a0 anteriores Olimpiadas Para animarte a hacer matem\u00e1ticas resolviendo problemas y ayudar a preparar la XXV Olimpiada de &hellip; <\/p>\n<p><a class=\"more-link btn\" href=\"https:\/\/iesmendillorribhi.educacion.navarra.es\/blogs\/mate\/pre-olimpiada-2\/\">Continue reading<\/a><\/p>\n","protected":false},"author":35,"featured_media":0,"parent":0,"menu_order":0,"comment_status":"closed","ping_status":"closed","template":"","meta":[],"_links":{"self":[{"href":"https:\/\/iesmendillorribhi.educacion.navarra.es\/blogs\/mate\/wp-json\/wp\/v2\/pages\/153"}],"collection":[{"href":"https:\/\/iesmendillorribhi.educacion.navarra.es\/blogs\/mate\/wp-json\/wp\/v2\/pages"}],"about":[{"href":"https:\/\/iesmendillorribhi.educacion.navarra.es\/blogs\/mate\/wp-json\/wp\/v2\/types\/page"}],"author":[{"embeddable":true,"href":"https:\/\/iesmendillorribhi.educacion.navarra.es\/blogs\/mate\/wp-json\/wp\/v2\/users\/35"}],"replies":[{"embeddable":true,"href":"https:\/\/iesmendillorribhi.educacion.navarra.es\/blogs\/mate\/wp-json\/wp\/v2\/comments?post=153"}],"version-history":[{"count":10,"href":"https:\/\/iesmendillorribhi.educacion.navarra.es\/blogs\/mate\/wp-json\/wp\/v2\/pages\/153\/revisions"}],"predecessor-version":[{"id":477,"href":"https:\/\/iesmendillorribhi.educacion.navarra.es\/blogs\/mate\/wp-json\/wp\/v2\/pages\/153\/revisions\/477"}],"wp:attachment":[{"href":"https:\/\/iesmendillorribhi.educacion.navarra.es\/blogs\/mate\/wp-json\/wp\/v2\/media?parent=153"}],"curies":[{"name":"wp","href":"https:\/\/api.w.org\/{rel}","templated":true}]}}