{"id":207,"date":"2012-02-05T13:42:11","date_gmt":"2012-02-05T12:42:11","guid":{"rendered":"http:\/\/iesmendillorribhi.educacion.navarra.es\/blogs\/mate\/?page_id=207"},"modified":"2012-09-09T23:36:51","modified_gmt":"2012-09-09T22:36:51","slug":"inicio-2","status":"publish","type":"page","link":"https:\/\/iesmendillorribhi.educacion.navarra.es\/blogs\/mate\/","title":{"rendered":"Inicio"},"content":{"rendered":"<h1 style=\"text-align: center;\">CURSO 2011\/12<\/h1>\n<h2><a href=\"http:\/\/iesmendillorribhi.educacion.navarra.es\/blogs\/mate\/pre-olimpiada-2\/curso-201112\/\"><span style=\"color: #ff6600;\">GANADORES: II PRE-OLIMPIADA MATEM\u00c1TICA<\/span><\/a><\/h2>\n<h3><span style=\"text-decoration: underline;\"><strong>Categor\u00eda 1 ESO\/DBH 1.<\/strong><\/span><\/h3>\n<h1 style=\"padding-left: 30px;\">Ganadores\/as:\u00a0<strong>Alejandro Aldunate (1 E) y Leire Moreno (1.K)<\/strong><\/h1>\n<h3><span style=\"text-decoration: underline;\"><strong>Categor\u00eda 2 ESO\/DBH 2.<\/strong><\/span><\/h3>\n<h2 style=\"padding-left: 30px;\">Ganadores\/as:\u00a0<strong>Irati Garatea (2.K) y Jorge Tarac\u00f3n (2 D)<\/strong><\/h2>\n<h2 style=\"text-align: right;\"><a title=\"Curso 2011\/12\" href=\"http:\/\/iesmendillorribhi.educacion.navarra.es\/blogs\/mate\/pre-olimpiada-2\/curso-201112\/\">leer m\u00e1s&#8230;<\/a><\/h2>\n<h1><a title=\"Fotograf\u00eda 2011\/12\"><span style=\"color: #ff9900;\">GANADORES: III CONCURSO DE FOTOGRAF\u00cdA <\/span>\u00abCALLEJEANDO CON LAS MATEM\u00c1TICAS\u00bb<\/a><\/h1>\n<h2 style=\"padding-left: 30px;\"><strong>D\u00e1maris Mill\u00e1n Bernal<\/strong><\/h2>\n<h2 style=\"padding-left: 30px;\"><strong>I\u00f1aki Zaragueta Erburu<br \/>\n<\/strong><\/h2>\n<h2 style=\"padding-left: 30px;\"><strong>Unai Rem\u00f3n Lizuain<br \/>\n<\/strong><\/h2>\n<h2 style=\"text-align: right;\"><a title=\"Fotograf\u00eda 2011\/12\" href=\"http:\/\/iesmendillorribhi.educacion.navarra.es\/blogs\/mate\/fotografia-2\/iii-concurso\/\/\">leer m\u00e1s<\/a>&#8230;<\/h2>\n","protected":false},"excerpt":{"rendered":"<p>CURSO 2011\/12 GANADORES: II PRE-OLIMPIADA MATEM\u00c1TICA Categor\u00eda 1 ESO\/DBH 1. Ganadores\/as:\u00a0Alejandro Aldunate (1 E) y Leire Moreno (1.K) Categor\u00eda 2 ESO\/DBH 2. Ganadores\/as:\u00a0Irati Garatea (2.K) y Jorge Tarac\u00f3n (2 D) leer m\u00e1s&#8230; GANADORES: III CONCURSO DE FOTOGRAF\u00cdA \u00abCALLEJEANDO CON LAS MATEM\u00c1TICAS\u00bb D\u00e1maris Mill\u00e1n Bernal I\u00f1aki Zaragueta Erburu Unai Rem\u00f3n Lizuain leer m\u00e1s&#8230;<\/p>\n","protected":false},"author":35,"featured_media":0,"parent":0,"menu_order":0,"comment_status":"open","ping_status":"open","template":"","meta":[],"_links":{"self":[{"href":"https:\/\/iesmendillorribhi.educacion.navarra.es\/blogs\/mate\/wp-json\/wp\/v2\/pages\/207"}],"collection":[{"href":"https:\/\/iesmendillorribhi.educacion.navarra.es\/blogs\/mate\/wp-json\/wp\/v2\/pages"}],"about":[{"href":"https:\/\/iesmendillorribhi.educacion.navarra.es\/blogs\/mate\/wp-json\/wp\/v2\/types\/page"}],"author":[{"embeddable":true,"href":"https:\/\/iesmendillorribhi.educacion.navarra.es\/blogs\/mate\/wp-json\/wp\/v2\/users\/35"}],"replies":[{"embeddable":true,"href":"https:\/\/iesmendillorribhi.educacion.navarra.es\/blogs\/mate\/wp-json\/wp\/v2\/comments?post=207"}],"version-history":[{"count":25,"href":"https:\/\/iesmendillorribhi.educacion.navarra.es\/blogs\/mate\/wp-json\/wp\/v2\/pages\/207\/revisions"}],"predecessor-version":[{"id":446,"href":"https:\/\/iesmendillorribhi.educacion.navarra.es\/blogs\/mate\/wp-json\/wp\/v2\/pages\/207\/revisions\/446"}],"wp:attachment":[{"href":"https:\/\/iesmendillorribhi.educacion.navarra.es\/blogs\/mate\/wp-json\/wp\/v2\/media?parent=207"}],"curies":[{"name":"wp","href":"https:\/\/api.w.org\/{rel}","templated":true}]}}