{"id":344,"date":"2012-02-05T21:45:36","date_gmt":"2012-02-05T20:45:36","guid":{"rendered":"http:\/\/iesmendillorribhi.educacion.navarra.es\/blogs\/mate\/?page_id=344"},"modified":"2012-02-05T21:59:15","modified_gmt":"2012-02-05T20:59:15","slug":"descarga-geogebra","status":"publish","type":"page","link":"https:\/\/iesmendillorribhi.educacion.navarra.es\/blogs\/mate\/geogebra\/descarga-geogebra\/","title":{"rendered":"Geogebra Descarga"},"content":{"rendered":"<div><strong>GeoGebra<\/strong> es un programa interactivo, libre, especialmente dise\u00f1ado para la ense\u00f1anza y aprendizaje de \u00c1lgebra y Geometr\u00eda.<br \/>\nLo m\u00e1s importante de GeoGebra es la interactividad; una vez construida una figura se puede mover cualquiera de los objetos independientes que la forman y autom\u00e1ticamente se modifican todos los que dependen de \u00e9l.<\/div>\n<div><\/div>\n<div><\/div>\n<div>\n<table border=\"0\">\n<tbody>\n<tr>\n<td><img loading=\"lazy\" src=\"http:\/\/docentes.educacion.navarra.es\/mpastorg\/images\/stories\/screenshot-tangents.png\" alt=\"screenshot-tangents\" width=\"400\" height=\"281\" \/><\/td>\n<td>\n<table border=\"0\">\n<tbody>\n<tr>\n<td><img loading=\"lazy\" src=\"http:\/\/docentes.educacion.navarra.es\/mpastorg\/images\/stories\/geogebra-logo.png\" alt=\"geogebra-logo\" width=\"75\" height=\"75\" \/><\/td>\n<\/tr>\n<tr>\n<td><a href=\"http:\/\/www.geogebra.org\/cms\/es\/download\" target=\"_blank\">DESCARGAR<\/a><\/td>\n<\/tr>\n<\/tbody>\n<\/table>\n<\/td>\n<\/tr>\n<\/tbody>\n<\/table>\n<\/div>\n<div><\/div>\n<div>\n<ul>\n<li><em>GeoGebra<\/em> es un software hecho en lenguaje Java y, por tanto, necesitamos <em>el software de Java instalado previamente en nuestro ordenador<\/em>. En la p\u00e1gina <a href=\"http:\/\/www.java.com\/\" target=\"_blank\">http:\/\/www.java.com<\/a> puedes verificar si lo tienes instalado, bajarlo si no lo tienes o actualizarlo si es preciso<\/li>\n<li>Manual en Espa\u00f1ol completo y actualizado <a href=\"http:\/\/www.geogebra.org\/help\/docues.pdf\" target=\"_blank\">GeoGebra 3.2\u00a0Documento de Ayuda<\/a><\/li>\n<\/ul>\n<\/div>\n","protected":false},"excerpt":{"rendered":"<p>GeoGebra es un programa interactivo, libre, especialmente dise\u00f1ado para la ense\u00f1anza y aprendizaje de \u00c1lgebra y Geometr\u00eda. Lo m\u00e1s importante de GeoGebra es la interactividad; una vez construida una figura se puede mover cualquiera de los objetos independientes que la forman y autom\u00e1ticamente se modifican todos los que dependen de \u00e9l. DESCARGAR GeoGebra es un &hellip; <\/p>\n<p><a class=\"more-link btn\" href=\"https:\/\/iesmendillorribhi.educacion.navarra.es\/blogs\/mate\/geogebra\/descarga-geogebra\/\">Continue reading<\/a><\/p>\n","protected":false},"author":35,"featured_media":0,"parent":354,"menu_order":0,"comment_status":"closed","ping_status":"closed","template":"","meta":[],"_links":{"self":[{"href":"https:\/\/iesmendillorribhi.educacion.navarra.es\/blogs\/mate\/wp-json\/wp\/v2\/pages\/344"}],"collection":[{"href":"https:\/\/iesmendillorribhi.educacion.navarra.es\/blogs\/mate\/wp-json\/wp\/v2\/pages"}],"about":[{"href":"https:\/\/iesmendillorribhi.educacion.navarra.es\/blogs\/mate\/wp-json\/wp\/v2\/types\/page"}],"author":[{"embeddable":true,"href":"https:\/\/iesmendillorribhi.educacion.navarra.es\/blogs\/mate\/wp-json\/wp\/v2\/users\/35"}],"replies":[{"embeddable":true,"href":"https:\/\/iesmendillorribhi.educacion.navarra.es\/blogs\/mate\/wp-json\/wp\/v2\/comments?post=344"}],"version-history":[{"count":8,"href":"https:\/\/iesmendillorribhi.educacion.navarra.es\/blogs\/mate\/wp-json\/wp\/v2\/pages\/344\/revisions"}],"predecessor-version":[{"id":356,"href":"https:\/\/iesmendillorribhi.educacion.navarra.es\/blogs\/mate\/wp-json\/wp\/v2\/pages\/344\/revisions\/356"}],"up":[{"embeddable":true,"href":"https:\/\/iesmendillorribhi.educacion.navarra.es\/blogs\/mate\/wp-json\/wp\/v2\/pages\/354"}],"wp:attachment":[{"href":"https:\/\/iesmendillorribhi.educacion.navarra.es\/blogs\/mate\/wp-json\/wp\/v2\/media?parent=344"}],"curies":[{"name":"wp","href":"https:\/\/api.w.org\/{rel}","templated":true}]}}