{"id":351,"date":"2012-02-05T21:55:14","date_gmt":"2012-02-05T20:55:14","guid":{"rendered":"http:\/\/iesmendillorribhi.educacion.navarra.es\/blogs\/mate\/?page_id=351"},"modified":"2012-02-05T21:59:40","modified_gmt":"2012-02-05T20:59:40","slug":"geogebra-funciones","status":"publish","type":"page","link":"https:\/\/iesmendillorribhi.educacion.navarra.es\/blogs\/mate\/geogebra\/geogebra-funciones\/","title":{"rendered":"Geogebra Funciones"},"content":{"rendered":"<ul>\n<li><a href=\"http:\/\/docentes.educacion.navarra.es\/~msadaall\/geogebra\/figuras\/f1_lineal.html\" target=\"_blank\">Funci\u00f3n Lineal<\/a><\/li>\n<li><a href=\"http:\/\/docentes.educacion.navarra.es\/~msadaall\/geogebra\/figuras\/f2_cuadratica.html\" target=\"_blank\">Funci\u00f3n cuadr\u00e1tica<\/a><\/li>\n<li><a href=\"http:\/\/docentes.educacion.navarra.es\/~msadaall\/geogebra\/figuras\/f3_propor_inver.html\" target=\"_blank\">Funci\u00f3n de proporcionalidad inversa<\/a><\/li>\n<li><a href=\"http:\/\/docentes.educacion.navarra.es\/~msadaall\/geogebra\/figuras\/f9_irracional.html\" target=\"_blank\">Funci\u00f3n irracional<\/a><\/li>\n<li><a href=\"http:\/\/docentes.educacion.navarra.es\/~msadaall\/geogebra\/figuras\/f4_exponencial.html\" target=\"_blank\">Funci\u00f3n exponencial<\/a><\/li>\n<li><a href=\"http:\/\/docentes.educacion.navarra.es\/~msadaall\/geogebra\/figuras\/f5_logaritmica.html\" target=\"_blank\">Funci\u00f3n logar\u00edtmica<\/a><\/li>\n<li><a href=\"http:\/\/docentes.educacion.navarra.es\/~msadaall\/geogebra\/figuras\/f12_2trozos.html\" target=\"_blank\">Funci\u00f3n a trozos:<\/a><\/li>\n<li><a href=\"http:\/\/docentes.educacion.navarra.es\/~msadaall\/geogebra\/figuras\/f6_seno.html\" target=\"_blank\">Funci\u00f3n seno<\/a><\/li>\n<li><a href=\"http:\/\/docentes.educacion.navarra.es\/~msadaall\/geogebra\/figuras\/f7_coseno.html\" target=\"_blank\">Funci\u00f3n coseno<\/a><\/li>\n<li><a href=\"http:\/\/docentes.educacion.navarra.es\/~msadaall\/geogebra\/figuras\/f8_tangente.html\" target=\"_blank\">Funci\u00f3n tangente<br \/>\n<\/a><\/li>\n<\/ul>\n<p>M\u00e1s <a href=\"http:\/\/ntic.educacion.es\/w3\/\/eos\/MaterialesEducativos\/mem2008\/zai_mates\/web06-graficas\/02-atrozos.html\" target=\"_blank\">Funciones a trozos<\/a><\/p>\n<p>M\u00e1s<a href=\"http:\/\/elblogdeinma.wordpress.com\/category\/matematicas-secundaria\/1%c2%ba-bachillerato\/ciencias-sociales\/funciones_\/\" target=\"_blank\"> Funciones<\/a><\/p>\n","protected":false},"excerpt":{"rendered":"<p>Funci\u00f3n Lineal Funci\u00f3n cuadr\u00e1tica Funci\u00f3n de proporcionalidad inversa Funci\u00f3n irracional Funci\u00f3n exponencial Funci\u00f3n logar\u00edtmica Funci\u00f3n a trozos: Funci\u00f3n seno Funci\u00f3n coseno Funci\u00f3n tangente M\u00e1s Funciones a trozos M\u00e1s Funciones<\/p>\n","protected":false},"author":35,"featured_media":0,"parent":354,"menu_order":0,"comment_status":"open","ping_status":"open","template":"","meta":[],"_links":{"self":[{"href":"https:\/\/iesmendillorribhi.educacion.navarra.es\/blogs\/mate\/wp-json\/wp\/v2\/pages\/351"}],"collection":[{"href":"https:\/\/iesmendillorribhi.educacion.navarra.es\/blogs\/mate\/wp-json\/wp\/v2\/pages"}],"about":[{"href":"https:\/\/iesmendillorribhi.educacion.navarra.es\/blogs\/mate\/wp-json\/wp\/v2\/types\/page"}],"author":[{"embeddable":true,"href":"https:\/\/iesmendillorribhi.educacion.navarra.es\/blogs\/mate\/wp-json\/wp\/v2\/users\/35"}],"replies":[{"embeddable":true,"href":"https:\/\/iesmendillorribhi.educacion.navarra.es\/blogs\/mate\/wp-json\/wp\/v2\/comments?post=351"}],"version-history":[{"count":2,"href":"https:\/\/iesmendillorribhi.educacion.navarra.es\/blogs\/mate\/wp-json\/wp\/v2\/pages\/351\/revisions"}],"predecessor-version":[{"id":357,"href":"https:\/\/iesmendillorribhi.educacion.navarra.es\/blogs\/mate\/wp-json\/wp\/v2\/pages\/351\/revisions\/357"}],"up":[{"embeddable":true,"href":"https:\/\/iesmendillorribhi.educacion.navarra.es\/blogs\/mate\/wp-json\/wp\/v2\/pages\/354"}],"wp:attachment":[{"href":"https:\/\/iesmendillorribhi.educacion.navarra.es\/blogs\/mate\/wp-json\/wp\/v2\/media?parent=351"}],"curies":[{"name":"wp","href":"https:\/\/api.w.org\/{rel}","templated":true}]}}