{"id":361,"date":"2012-02-05T22:10:28","date_gmt":"2012-02-05T21:10:28","guid":{"rendered":"http:\/\/iesmendillorribhi.educacion.navarra.es\/blogs\/mate\/?page_id=361"},"modified":"2012-06-28T00:39:58","modified_gmt":"2012-06-27T23:39:58","slug":"foografia-201112","status":"publish","type":"page","link":"https:\/\/iesmendillorribhi.educacion.navarra.es\/blogs\/mate\/fotografia-2\/foografia-201112\/","title":{"rendered":"II Concurso 2010\/11"},"content":{"rendered":"<p><span style=\"font-family: verdana,geneva;\"><span style=\"font-size: 10pt;\"><strong><span style=\"color: #993300;\"> Curso 2010\/11<\/span>\u00a0 II Concurso de Fotograf\u00eda Matem\u00e1tica<br \/>\n\u00abNOS COMEMOS LAS MATEM\u00c1TICAS\u00bb<\/strong><\/span><\/span><br \/>\n<span style=\"font-family: verdana,geneva;\"><span style=\"font-size: 10pt;\">El tema de las fotograf\u00edas estaba relacionado <span style=\"color: #000000;\">con el mundo de la alimentaci\u00f3n <\/span>en sus m\u00faltiples manifestaciones (agricultura, comida, anuncios, supermercados, utensilios de cocina, <span style=\"color: #444444;\"><span style=\"color: #444444;\"><span style=\"color: #444444;\">etc\u00e9tera) y su relaci\u00f3n con las matem\u00e1ticas.<\/span><\/span><\/span><\/span><\/span><\/p>\n<p>&nbsp;<\/p>\n<p style=\"text-align: justify;\"><span style=\"font-size: 10pt;\"><strong><span style=\"font-family: verdana,geneva;\"><span style=\"color: #444444;\"><span style=\"color: #444444;\"><span style=\"color: #444444;\">GANADORAS<\/span><\/span><\/span><\/span><\/strong><\/span><\/p>\n<p style=\"text-align: justify;\"><span style=\"font-size: 14pt;\"><strong><span style=\"font-family: verdana,geneva;\"><span style=\"color: #444444;\"><span style=\"color: #444444;\"><span style=\"color: #444444;\"><img loading=\"lazy\" src=\"http:\/\/docentes.educacion.navarra.es\/mpastorg\/images\/stories\/noscomemos\/ganadores_iifotogarfia.jpg\" alt=\"ganadores_iifotogarfia\" width=\"446\" height=\"246\" \/><\/span><\/span><\/span><\/span><\/strong><\/span><\/p>\n<p style=\"text-align: justify;\"><span style=\"font-size: 10pt;\"><a title=\"Foograf\u00eda 2011\/12\" href=\"http:\/\/iesmendillorribhi.educacion.navarra.es\/blogs\/mate\/foografia-201112\/\"><strong><span style=\"font-family: verdana,geneva;\"><span style=\"color: #444444;\"><span style=\"color: #444444;\"><span style=\"color: #444444;\">FOTOS GANADORAS 2010\/11<br \/>\n<\/span><\/span><\/span><\/span><\/strong><\/a><\/span><\/p>\n<table border=\"0\">\n<tbody>\n<tr>\n<td style=\"text-align: center;\"><strong>LEIRE LAZCANO LOBATO 3.J<\/strong><\/td>\n<td style=\"text-align: center;\"><strong>D\u00c1MARIS MILL\u00c1N BERNAL 3\u00baA<\/strong><\/td>\n<td style=\"text-align: center;\"><strong>LAURA ARIVE ASCUNZE 3\u00baB<\/strong><\/td>\n<\/tr>\n<tr>\n<td><img loading=\"lazy\" src=\"http:\/\/docentes.educacion.navarra.es\/mpastorg\/images\/stories\/noscomemos\/leire_lazcano_3j.jpg\" alt=\"leire_lazcano_3j\" width=\"168\" height=\"233\" \/><\/td>\n<td><img loading=\"lazy\" src=\"http:\/\/docentes.educacion.navarra.es\/mpastorg\/images\/stories\/noscomemos\/dmaris_milln_3a.jpg\" alt=\"dmaris_milln_3a\" width=\"168\" height=\"233\" \/><\/td>\n<td><img loading=\"lazy\" src=\"http:\/\/docentes.educacion.navarra.es\/mpastorg\/images\/stories\/noscomemos\/laura_arive_3c.jpg\" alt=\"laura_arive_3c\" width=\"324\" height=\"234\" \/><\/td>\n<\/tr>\n<\/tbody>\n<\/table>\n<table border=\"0\">\n<tbody>\n<tr>\n<td style=\"text-align: center;\"><strong>IRENE\u00a0 GOLDARACENA VILLABONA 2.K<\/strong><\/td>\n<td style=\"text-align: center;\"><strong>AMAIA NAGORE BAILE 2.H<\/strong><\/td>\n<\/tr>\n<tr>\n<td><img loading=\"lazy\" src=\"http:\/\/docentes.educacion.navarra.es\/mpastorg\/images\/stories\/noscomemos\/irene_goldarazena_2k.jpg\" alt=\"irene_goldarazena_2k\" width=\"324\" height=\"234\" \/><\/td>\n<td><img loading=\"lazy\" src=\"http:\/\/docentes.educacion.navarra.es\/mpastorg\/images\/stories\/noscomemos\/amaia_nagore_2h.jpg\" alt=\"amaia_nagore_2h\" width=\"324\" height=\"234\" \/><\/td>\n<\/tr>\n<\/tbody>\n<\/table>\n<p><strong><a href=\"http:\/\/docentes.educacion.navarra.es\/mpastorg\/images\/stories\/pdf\/Bases_II_concurso_foto_2011.pdf\" target=\"_blank\">Bases del II\u00a0 Concurso de Fotograf\u00eda Matem\u00e1tica en .pdf<\/a><\/strong><\/p>\n<p><strong><span style=\"font-family: verdana,geneva;\"><span style=\"font-size: 10pt;\"><span style=\"color: #444444;\"><span style=\"color: #444444;\"><span style=\"color: #444444;\"><br \/>\n<\/span><\/span><\/span><\/span><\/span><\/strong><\/p>\n","protected":false},"excerpt":{"rendered":"<p>Curso 2010\/11\u00a0 II Concurso de Fotograf\u00eda Matem\u00e1tica \u00abNOS COMEMOS LAS MATEM\u00c1TICAS\u00bb El tema de las fotograf\u00edas estaba relacionado con el mundo de la alimentaci\u00f3n en sus m\u00faltiples manifestaciones (agricultura, comida, anuncios, supermercados, utensilios de cocina, etc\u00e9tera) y su relaci\u00f3n con las matem\u00e1ticas. &nbsp; GANADORAS FOTOS GANADORAS 2010\/11 LEIRE LAZCANO LOBATO 3.J D\u00c1MARIS MILL\u00c1N BERNAL 3\u00baA &hellip; <\/p>\n<p><a class=\"more-link btn\" href=\"https:\/\/iesmendillorribhi.educacion.navarra.es\/blogs\/mate\/fotografia-2\/foografia-201112\/\">Continue reading<\/a><\/p>\n","protected":false},"author":35,"featured_media":0,"parent":366,"menu_order":0,"comment_status":"closed","ping_status":"closed","template":"","meta":[],"_links":{"self":[{"href":"https:\/\/iesmendillorribhi.educacion.navarra.es\/blogs\/mate\/wp-json\/wp\/v2\/pages\/361"}],"collection":[{"href":"https:\/\/iesmendillorribhi.educacion.navarra.es\/blogs\/mate\/wp-json\/wp\/v2\/pages"}],"about":[{"href":"https:\/\/iesmendillorribhi.educacion.navarra.es\/blogs\/mate\/wp-json\/wp\/v2\/types\/page"}],"author":[{"embeddable":true,"href":"https:\/\/iesmendillorribhi.educacion.navarra.es\/blogs\/mate\/wp-json\/wp\/v2\/users\/35"}],"replies":[{"embeddable":true,"href":"https:\/\/iesmendillorribhi.educacion.navarra.es\/blogs\/mate\/wp-json\/wp\/v2\/comments?post=361"}],"version-history":[{"count":25,"href":"https:\/\/iesmendillorribhi.educacion.navarra.es\/blogs\/mate\/wp-json\/wp\/v2\/pages\/361\/revisions"}],"predecessor-version":[{"id":605,"href":"https:\/\/iesmendillorribhi.educacion.navarra.es\/blogs\/mate\/wp-json\/wp\/v2\/pages\/361\/revisions\/605"}],"up":[{"embeddable":true,"href":"https:\/\/iesmendillorribhi.educacion.navarra.es\/blogs\/mate\/wp-json\/wp\/v2\/pages\/366"}],"wp:attachment":[{"href":"https:\/\/iesmendillorribhi.educacion.navarra.es\/blogs\/mate\/wp-json\/wp\/v2\/media?parent=361"}],"curies":[{"name":"wp","href":"https:\/\/api.w.org\/{rel}","templated":true}]}}