{"id":366,"date":"2012-02-05T22:26:36","date_gmt":"2012-02-05T21:26:36","guid":{"rendered":"http:\/\/iesmendillorribhi.educacion.navarra.es\/blogs\/mate\/?page_id=366"},"modified":"2012-06-24T00:30:06","modified_gmt":"2012-06-23T23:30:06","slug":"fotografia-2","status":"publish","type":"page","link":"https:\/\/iesmendillorribhi.educacion.navarra.es\/blogs\/mate\/fotografia-2\/","title":{"rendered":"Fotograf\u00eda"},"content":{"rendered":"<p><span style=\"font-family: verdana,geneva;\"><span style=\"font-size: 10pt;\"><strong><span style=\"font-size: 14pt;\">CONCURSO DE FOTOGRAF\u00cdA MATEM\u00c1TICA<\/span><br \/>\n<\/strong><\/span><\/span><\/p>\n<p><span style=\"font-family: verdana,geneva;\"><span style=\"font-size: 10pt;\">El objetivo fundamental del concurso es el de utilizar la creatividad e imaginaci\u00f3n para ver y apreciar los m\u00faltiples aspectos de nuestro entorno relacionados con las matem\u00e1ticas<\/span><\/span><\/p>\n<p><span style=\"font-family: verdana,geneva;\"><span style=\"font-size: 10pt;\"><strong><span style=\"color: #993300;\">Curso 2011\/12<\/span> III Concurso de Fotograf\u00eda Matem\u00e1tica<br \/>\n\u00abCALLEJEANDO CON LAS MATEM\u00c1TICAS\u00bb<\/strong><\/span><\/span><\/p>\n<p><strong><\/strong>El tema de las fotograf\u00edas tiene que estar relacionado con el mundo urbano en sus m\u00faltiples manifestaciones (las calles, casas, edificios, mobiliario urbano, \u2026, de nuestros pueblos y barrios) y su relaci\u00f3n con las matem\u00e1ticas.<\/p>\n<p><a title=\"Foograf\u00eda 2011\/12\" href=\"http:\/\/iesmendillorribhi.educacion.navarra.es\/blogs\/mate\/foografia-201112\/\"><strong>FOTOS GANADORAS 2010\/11<\/strong><\/a><\/p>\n<p><span style=\"font-family: verdana,geneva;\"><span style=\"font-size: 10pt;\"><strong>[nggallery id=4]<br \/>\n<\/strong><\/span><\/span><\/p>\n<p><span style=\"font-family: verdana,geneva;\"><span style=\"font-size: 10pt;\"><strong><span style=\"color: #993300;\"> Curso 2010\/11<\/span> II Concurso de Fotograf\u00eda Matem\u00e1tica<br \/>\n\u00abNOS COMEMOS LAS MATEM\u00c1TICAS\u00bb<br \/>\n<\/strong><\/span><\/span><\/p>\n<p><span style=\"font-family: verdana,geneva;\"><span style=\"font-size: 10pt;\">\u00a0<\/span><span style=\"font-size: 10pt;\">El tema de las fotograf\u00edas estaba relacionado <span style=\"color: #000000;\">con el mundo de la alimentaci\u00f3n <\/span>en sus m\u00faltiples manifestaciones (agricultura, comida, anuncios, supermercados, utensilios de cocina, <span style=\"color: #444444;\"><span style=\"color: #444444;\"><span style=\"color: #444444;\">etc\u00e9tera) y su relaci\u00f3n con las matem\u00e1ticas.<\/span><\/span><\/span><\/span><\/span><\/p>\n<p style=\"text-align: justify;\"><a title=\"Foograf\u00eda 2011\/12\" href=\"http:\/\/iesmendillorribhi.educacion.navarra.es\/blogs\/mate\/foografia-201112\/\"><strong>FOTOS GANADORAS 2010\/11<\/strong><\/a><\/p>\n<p style=\"text-align: justify;\"><span style=\"font-size: 10pt;\"><strong><span style=\"font-family: verdana,geneva;\"><span style=\"color: #444444;\"><span style=\"color: #444444;\"><span style=\"color: #444444;\">[nggallery id=1]<\/span><\/span><\/span><\/span><\/strong><\/span><\/p>\n<p style=\"text-align: justify;\"><span style=\"font-size: 14pt;\"><strong><span style=\"font-family: verdana,geneva;\"><span style=\"color: #444444;\"><span style=\"color: #444444;\"><span style=\"color: #444444;\"><br \/>\n<\/span><\/span><\/span><\/span><\/strong><\/span><\/p>\n<p style=\"text-align: justify;\"><span style=\"font-size: 10pt;\"><a title=\"Foograf\u00eda 2011\/12\" href=\"http:\/\/iesmendillorribhi.educacion.navarra.es\/blogs\/mate\/foografia-201112\/\"><strong><span style=\"font-family: verdana,geneva;\"><span style=\"color: #444444;\"><span style=\"color: #444444;\"><span style=\"color: #444444;\"><br \/>\n<\/span><\/span><\/span><\/span><\/strong><\/a><\/span><\/p>\n<p><!-- {loadposition breadcrumbs} no apareceeeeeeeeee --><strong><span style=\"font-family: verdana,geneva;\"><span style=\"font-size: 10pt;\"><span style=\"color: #444444;\"><span style=\"color: #444444;\"><span style=\"color: #444444;\"><a href=\"images\/stories\/pdf\/Bases_II_concurso_foto_2011.pdf\" target=\"_blank\">Bases del II\u00a0 Concurso de Fotograf\u00eda Matem\u00e1tica en .pdf<\/a><\/span><\/span><\/span><\/span><\/span><\/strong><\/p>\n<p><strong><span style=\"font-family: verdana,geneva;\"><span style=\"font-size: 10pt;\"><span style=\"color: #444444;\"><span style=\"color: #444444;\"><span style=\"color: #444444;\"><br \/>\n<\/span><\/span><\/span><\/span><\/span><\/strong><\/p>\n<p style=\"text-align: justify;\"><strong><span style=\"font-family: verdana,geneva;\"><span style=\"font-size: 10pt;\"><span style=\"color: #444444;\"><span style=\"color: #444444;\"><span style=\"color: #444444;\"><span style=\"color: #993300;\">Curso 2009\/10 <span style=\"color: #000000;\">I CONCURSO DE FOTOGRAF\u00cdA MATEM\u00c1TICA<\/span><\/span><\/span><\/span><\/span><\/span><\/span><\/strong><\/p>\n<p style=\"text-align: justify;\"><strong><a title=\"Fotograf\u00eda 2009\/2010\" href=\"http:\/\/iesmendillorribhi.educacion.navarra.es\/blogs\/mate\/fotografia-20092010\/\">FOTOS GANADORAS 2009\/10<\/a><\/strong><\/p>\n<p style=\"text-align: justify;\"><strong><span style=\"font-family: verdana,geneva;\"><span style=\"font-size: 10pt;\"><span style=\"color: #444444;\"><span style=\"color: #444444;\"><span style=\"color: #444444;\">[nggallery id=5]<br \/>\n<\/span><\/span><\/span><\/span><\/span><\/strong><\/p>\n<p><strong><span style=\"font-family: verdana,geneva;\"><span style=\"font-size: 10pt;\"><span style=\"color: #444444;\"><span style=\"color: #444444;\"><span style=\"color: #444444;\"><a title=\"Fotograf\u00eda 2009\/2010\" href=\"http:\/\/iesmendillorribhi.educacion.navarra.es\/blogs\/mate\/fotografia-20092010\/\"><br \/>\n<\/a><\/span><\/span><\/span><\/span><\/span><\/strong><\/p>\n","protected":false},"excerpt":{"rendered":"<p>CONCURSO DE FOTOGRAF\u00cdA MATEM\u00c1TICA El objetivo fundamental del concurso es el de utilizar la creatividad e imaginaci\u00f3n para ver y apreciar los m\u00faltiples aspectos de nuestro entorno relacionados con las matem\u00e1ticas Curso 2011\/12 III Concurso de Fotograf\u00eda Matem\u00e1tica \u00abCALLEJEANDO CON LAS MATEM\u00c1TICAS\u00bb El tema de las fotograf\u00edas tiene que estar relacionado con el mundo urbano &hellip; <\/p>\n<p><a class=\"more-link btn\" href=\"https:\/\/iesmendillorribhi.educacion.navarra.es\/blogs\/mate\/fotografia-2\/\">Continue reading<\/a><\/p>\n","protected":false},"author":35,"featured_media":0,"parent":0,"menu_order":0,"comment_status":"open","ping_status":"open","template":"","meta":[],"_links":{"self":[{"href":"https:\/\/iesmendillorribhi.educacion.navarra.es\/blogs\/mate\/wp-json\/wp\/v2\/pages\/366"}],"collection":[{"href":"https:\/\/iesmendillorribhi.educacion.navarra.es\/blogs\/mate\/wp-json\/wp\/v2\/pages"}],"about":[{"href":"https:\/\/iesmendillorribhi.educacion.navarra.es\/blogs\/mate\/wp-json\/wp\/v2\/types\/page"}],"author":[{"embeddable":true,"href":"https:\/\/iesmendillorribhi.educacion.navarra.es\/blogs\/mate\/wp-json\/wp\/v2\/users\/35"}],"replies":[{"embeddable":true,"href":"https:\/\/iesmendillorribhi.educacion.navarra.es\/blogs\/mate\/wp-json\/wp\/v2\/comments?post=366"}],"version-history":[{"count":6,"href":"https:\/\/iesmendillorribhi.educacion.navarra.es\/blogs\/mate\/wp-json\/wp\/v2\/pages\/366\/revisions"}],"predecessor-version":[{"id":529,"href":"https:\/\/iesmendillorribhi.educacion.navarra.es\/blogs\/mate\/wp-json\/wp\/v2\/pages\/366\/revisions\/529"}],"wp:attachment":[{"href":"https:\/\/iesmendillorribhi.educacion.navarra.es\/blogs\/mate\/wp-json\/wp\/v2\/media?parent=366"}],"curies":[{"name":"wp","href":"https:\/\/api.w.org\/{rel}","templated":true}]}}