{"id":369,"date":"2012-02-05T22:54:54","date_gmt":"2012-02-05T21:54:54","guid":{"rendered":"http:\/\/iesmendillorribhi.educacion.navarra.es\/blogs\/mate\/?page_id=369"},"modified":"2012-11-08T18:08:22","modified_gmt":"2012-11-08T17:08:22","slug":"fotografia-20092010","status":"publish","type":"page","link":"https:\/\/iesmendillorribhi.educacion.navarra.es\/blogs\/mate\/fotografia-2\/fotografia-20092010\/","title":{"rendered":"<!--:es-->I Concurso 2009\/10<!--:--><!--:eu-->I Lehiaketa 2009\/10<!--:-->"},"content":{"rendered":"<p><!--:es--><\/p>\n<p style=\"text-align: center;\"><a href=\"http:\/\/iesmendillorribhi.educacion.navarra.es\/blogs\/mate\/files\/2012\/02\/I\u00f1igojimenez.jpg\"><img loading=\"lazy\" class=\"wp-image-371 alignleft\" title=\"I\u00f1igojimenez\" src=\"http:\/\/iesmendillorribhi.educacion.navarra.es\/blogs\/mate\/files\/2012\/02\/I\u00f1igojimenez.jpg\" alt=\"IIfotoganadora_i\u00f1igo\" width=\"181\" height=\"134\" \/><\/a><strong><\/strong><\/p>\n<p><strong>\u00a0Zirkuluak<\/strong><br \/>\nEgilea: I\u00f1igo Jimenez<\/p>\n<p style=\"text-align: center;\">\u00a0<strong><\/strong><\/p>\n<p><strong><a href=\"http:\/\/iesmendillorribhi.educacion.navarra.es\/blogs\/mate\/files\/2012\/02\/DamarisMillan.jpg\"><img loading=\"lazy\" class=\" wp-image-373 alignleft\" title=\"DamarisMillan\" src=\"http:\/\/iesmendillorribhi.educacion.navarra.es\/blogs\/mate\/files\/2012\/02\/DamarisMillan.jpg\" alt=\"Ifotoganadora_damaris\" width=\"160\" height=\"163\" \/><\/a>Kafe geometrikoak<\/strong><br \/>\nEgilea: Damaris Mill\u00e1n<\/p>\n<p><strong>Matematika zukugailua<\/strong><a href=\"http:\/\/iesmendillorribhi.educacion.navarra.es\/blogs\/mate\/files\/2012\/02\/sandravillaron.jpg\"><img loading=\"lazy\" class=\"wp-image-372 alignleft\" title=\"sandravillaron\" src=\"http:\/\/iesmendillorribhi.educacion.navarra.es\/blogs\/mate\/files\/2012\/02\/sandravillaron.jpg\" alt=\"IIfotoganadora_sandra\" width=\"186\" height=\"137\" \/><\/a><\/p>\n<p>Egilea: Sandra Villaron<!--:--><!--:eu--><\/p>\n<p style=\"text-align: center;\"><a href=\"http:\/\/iesmendillorribhi.educacion.navarra.es\/blogs\/mate\/files\/2012\/02\/I\u00f1igojimenez.jpg\"><img loading=\"lazy\" class=\"wp-image-371 alignleft\" title=\"I\u00f1igojimenez\" src=\"http:\/\/iesmendillorribhi.educacion.navarra.es\/blogs\/mate\/files\/2012\/02\/I\u00f1igojimenez.jpg\" alt=\"IIfotoganadora_i\u00f1igo\" width=\"181\" height=\"134\" \/><\/a><strong><\/strong><\/p>\n<p>\u00a0<strong>C\u00edrculos<\/strong><br \/>\nAuthor: I\u00f1igo Jimenez<\/p>\n<p style=\"text-align: center;\">\u00a0<strong><\/strong><\/p>\n<p style=\"text-align: center;\">\n<p><strong><a href=\"http:\/\/iesmendillorribhi.educacion.navarra.es\/blogs\/mate\/files\/2012\/02\/DamarisMillan.jpg\"><img loading=\"lazy\" class=\" wp-image-373 alignleft\" title=\"DamarisMillan\" src=\"http:\/\/iesmendillorribhi.educacion.navarra.es\/blogs\/mate\/files\/2012\/02\/DamarisMillan.jpg\" alt=\"Ifotoganadora_damaris\" width=\"160\" height=\"163\" \/><\/a>Caf\u00e9s geom\u00e9tricos<\/strong><br \/>\nAuthor: Damaris Mill\u00e1n<\/p>\n<p><strong>Expri<\/strong><a href=\"http:\/\/iesmendillorribhi.educacion.navarra.es\/blogs\/mate\/files\/2012\/02\/sandravillaron.jpg\"><img loading=\"lazy\" class=\"wp-image-372 alignleft\" title=\"sandravillaron\" src=\"http:\/\/iesmendillorribhi.educacion.navarra.es\/blogs\/mate\/files\/2012\/02\/sandravillaron.jpg\" alt=\"IIfotoganadora_sandra\" width=\"186\" height=\"137\" \/><\/a><strong>midor de matem\u00e1ticas<\/strong><br \/>\nAuthor: Sandra Villaron<\/p>\n<p><!--:--><\/p>\n","protected":false},"excerpt":{"rendered":"<p>\u00a0Zirkuluak Egilea: I\u00f1igo Jimenez \u00a0 Kafe geometrikoak Egilea: Damaris Mill\u00e1n Matematika zukugailua Egilea: Sandra Villaron \u00a0C\u00edrculos Author: I\u00f1igo Jimenez \u00a0 Caf\u00e9s geom\u00e9tricos Author: Damaris Mill\u00e1n Exprimidor de matem\u00e1ticas Author: Sandra Villaron<\/p>\n","protected":false},"author":35,"featured_media":0,"parent":366,"menu_order":0,"comment_status":"closed","ping_status":"closed","template":"","meta":[],"_links":{"self":[{"href":"https:\/\/iesmendillorribhi.educacion.navarra.es\/blogs\/mate\/wp-json\/wp\/v2\/pages\/369"}],"collection":[{"href":"https:\/\/iesmendillorribhi.educacion.navarra.es\/blogs\/mate\/wp-json\/wp\/v2\/pages"}],"about":[{"href":"https:\/\/iesmendillorribhi.educacion.navarra.es\/blogs\/mate\/wp-json\/wp\/v2\/types\/page"}],"author":[{"embeddable":true,"href":"https:\/\/iesmendillorribhi.educacion.navarra.es\/blogs\/mate\/wp-json\/wp\/v2\/users\/35"}],"replies":[{"embeddable":true,"href":"https:\/\/iesmendillorribhi.educacion.navarra.es\/blogs\/mate\/wp-json\/wp\/v2\/comments?post=369"}],"version-history":[{"count":7,"href":"https:\/\/iesmendillorribhi.educacion.navarra.es\/blogs\/mate\/wp-json\/wp\/v2\/pages\/369\/revisions"}],"predecessor-version":[{"id":376,"href":"https:\/\/iesmendillorribhi.educacion.navarra.es\/blogs\/mate\/wp-json\/wp\/v2\/pages\/369\/revisions\/376"}],"up":[{"embeddable":true,"href":"https:\/\/iesmendillorribhi.educacion.navarra.es\/blogs\/mate\/wp-json\/wp\/v2\/pages\/366"}],"wp:attachment":[{"href":"https:\/\/iesmendillorribhi.educacion.navarra.es\/blogs\/mate\/wp-json\/wp\/v2\/media?parent=369"}],"curies":[{"name":"wp","href":"https:\/\/api.w.org\/{rel}","templated":true}]}}