{"id":620,"date":"2012-06-28T01:03:41","date_gmt":"2012-06-28T00:03:41","guid":{"rendered":"http:\/\/iesmendillorribhi.educacion.navarra.es\/blogs\/mate\/?page_id=620"},"modified":"2015-10-30T21:27:18","modified_gmt":"2015-10-30T20:27:18","slug":"premios","status":"publish","type":"page","link":"https:\/\/iesmendillorribhi.educacion.navarra.es\/blogs\/mate\/premios\/","title":{"rendered":"Premios"},"content":{"rendered":"<p>[:es]<strong>CONCURSO WALAB\u00cd (2011\/12)<\/strong><br \/>\n\u00c1lvaro Rodr\u00edguez<br \/>\nMario Fasciglione<br \/>\nDavid Valencia[:eu]<strong>CONCURSO WALAB\u00cd (2011\/12)<\/strong><br \/>\n[singlepic id=20 w=320 h=240 float=]<br \/>\n\u00c1lvaro Rodr\u00edguez<br \/>\nMario Fasciglione<br \/>\nDavid Valencia<br \/>\n[:]<\/p>\n","protected":false},"excerpt":{"rendered":"<p>[:es]CONCURSO WALAB\u00cd (2011\/12) \u00c1lvaro Rodr\u00edguez Mario Fasciglione David Valencia[:eu]CONCURSO WALAB\u00cd (2011\/12) [singlepic id=20 w=320 h=240 float=] \u00c1lvaro Rodr\u00edguez Mario Fasciglione David Valencia [:]<\/p>\n","protected":false},"author":35,"featured_media":0,"parent":0,"menu_order":0,"comment_status":"open","ping_status":"open","template":"","meta":[],"_links":{"self":[{"href":"https:\/\/iesmendillorribhi.educacion.navarra.es\/blogs\/mate\/wp-json\/wp\/v2\/pages\/620"}],"collection":[{"href":"https:\/\/iesmendillorribhi.educacion.navarra.es\/blogs\/mate\/wp-json\/wp\/v2\/pages"}],"about":[{"href":"https:\/\/iesmendillorribhi.educacion.navarra.es\/blogs\/mate\/wp-json\/wp\/v2\/types\/page"}],"author":[{"embeddable":true,"href":"https:\/\/iesmendillorribhi.educacion.navarra.es\/blogs\/mate\/wp-json\/wp\/v2\/users\/35"}],"replies":[{"embeddable":true,"href":"https:\/\/iesmendillorribhi.educacion.navarra.es\/blogs\/mate\/wp-json\/wp\/v2\/comments?post=620"}],"version-history":[{"count":7,"href":"https:\/\/iesmendillorribhi.educacion.navarra.es\/blogs\/mate\/wp-json\/wp\/v2\/pages\/620\/revisions"}],"predecessor-version":[{"id":680,"href":"https:\/\/iesmendillorribhi.educacion.navarra.es\/blogs\/mate\/wp-json\/wp\/v2\/pages\/620\/revisions\/680"}],"wp:attachment":[{"href":"https:\/\/iesmendillorribhi.educacion.navarra.es\/blogs\/mate\/wp-json\/wp\/v2\/media?parent=620"}],"curies":[{"name":"wp","href":"https:\/\/api.w.org\/{rel}","templated":true}]}}