{"id":111,"date":"2015-01-19T18:38:16","date_gmt":"2015-01-19T17:38:16","guid":{"rendered":"http:\/\/iesmendillorribhi.educacion.navarra.es\/blogs\/orienta\/?p=111"},"modified":"2017-12-22T13:26:56","modified_gmt":"2017-12-22T12:26:56","slug":"1-dbh-tutoretza-plana","status":"publish","type":"page","link":"https:\/\/iesmendillorribhi.educacion.navarra.es\/blogs\/orienta\/es\/1-dbh-tutoretza-plana\/","title":{"rendered":"1\u00ba ESO Acci\u00f3n Tutorial"},"content":{"rendered":"<p>A lo largo del curso de 1\u00ba ESO trataremos varios temas en las sesiones de tutor\u00eda, entre ellos:<\/p>\n<ul>\n<li>Conocimiento mutuo: A trav\u00e9s de varios juegos.<\/li>\n<li>Convivencia positiva: La responsable de convivencia entrar\u00e1 a 2 sesiones.<\/li>\n<li>Organizaci\u00f3n del estudio: <a href=\"http:\/\/iesmendillorribhi.educacion.navarra.es\/blogs\/orienta\/files\/2015\/01\/Arratsaldetako_ordutegia_1_2_3_4.pdf\">Arratsaldetako ordutegia<\/a> y <a href=\"http:\/\/iesmendillorribhi.educacion.navarra.es\/blogs\/orienta\/files\/2015\/01\/Azterketen_kontrola_gurasoek1_2_3_4.pdf\">Azterketen kontrola<\/a>.<\/li>\n<li>Autonom\u00eda en los estudios: <a href=\"http:\/\/iesmendillorribhi.educacion.navarra.es\/blogs\/orienta\/files\/2015\/01\/ikasketen_autonomia_lantzeko_ariketak_3-1.pdf\">ikasketen autonomia lantzeko ariketak<\/a>: La llave del \u00e9xito, an\u00e1lisis de casos, reflexi\u00f3n sobre el estudio,m\u00e9todos de estudio.<\/li>\n<li>Desarrollo personal: <a href=\"http:\/\/iesmendillorribhi.educacion.navarra.es\/blogs\/orienta\/files\/2015\/01\/Terabithia-euskaraz-ikasleekin-lantzeko.pdf\">Un puente hacia Terabithiaren galderak<\/a>\u00a0eta\u00a0<a href=\"http:\/\/iesmendillorribhi.educacion.navarra.es\/blogs\/orienta\/files\/2015\/01\/Asertibitate-testa.pdf\">Asertibitate-testa<\/a><\/li>\n<\/ul>\n<p><\/p>","protected":false},"excerpt":{"rendered":"<p>A lo largo del curso de 1\u00ba ESO trataremos varios temas en las sesiones de tutor\u00eda, entre ellos: Conocimiento mutuo: A trav\u00e9s de varios juegos. Convivencia positiva: La responsable de convivencia entrar\u00e1 a 2 sesiones. Organizaci\u00f3n del estudio: Arratsaldetako ordutegia y Azterketen kontrola. Autonom\u00eda en los estudios: ikasketen autonomia lantzeko ariketak: La llave del \u00e9xito, &hellip; <a href=\"https:\/\/iesmendillorribhi.educacion.navarra.es\/blogs\/orienta\/es\/1-dbh-tutoretza-plana\/\" class=\"more-link\">Seguir leyendo <span class=\"screen-reader-text\">1\u00ba ESO Acci\u00f3n Tutorial<\/span> <span class=\"meta-nav\">&rarr;<\/span><\/a><\/p>\n","protected":false},"author":73,"featured_media":0,"parent":0,"menu_order":0,"comment_status":"closed","ping_status":"closed","template":"","meta":[],"_links":{"self":[{"href":"https:\/\/iesmendillorribhi.educacion.navarra.es\/blogs\/orienta\/es\/wp-json\/wp\/v2\/pages\/111"}],"collection":[{"href":"https:\/\/iesmendillorribhi.educacion.navarra.es\/blogs\/orienta\/es\/wp-json\/wp\/v2\/pages"}],"about":[{"href":"https:\/\/iesmendillorribhi.educacion.navarra.es\/blogs\/orienta\/es\/wp-json\/wp\/v2\/types\/page"}],"author":[{"embeddable":true,"href":"https:\/\/iesmendillorribhi.educacion.navarra.es\/blogs\/orienta\/es\/wp-json\/wp\/v2\/users\/73"}],"replies":[{"embeddable":true,"href":"https:\/\/iesmendillorribhi.educacion.navarra.es\/blogs\/orienta\/es\/wp-json\/wp\/v2\/comments?post=111"}],"version-history":[{"count":4,"href":"https:\/\/iesmendillorribhi.educacion.navarra.es\/blogs\/orienta\/es\/wp-json\/wp\/v2\/pages\/111\/revisions"}],"predecessor-version":[{"id":334,"href":"https:\/\/iesmendillorribhi.educacion.navarra.es\/blogs\/orienta\/es\/wp-json\/wp\/v2\/pages\/111\/revisions\/334"}],"wp:attachment":[{"href":"https:\/\/iesmendillorribhi.educacion.navarra.es\/blogs\/orienta\/es\/wp-json\/wp\/v2\/media?parent=111"}],"curies":[{"name":"wp","href":"https:\/\/api.w.org\/{rel}","templated":true}]}}