{"id":19,"date":"2014-12-16T11:58:06","date_gmt":"2014-12-16T10:58:06","guid":{"rendered":"http:\/\/iesmendillorribhi.educacion.navarra.es\/blogs\/orienta\/?p=19"},"modified":"2019-02-20T11:06:04","modified_gmt":"2019-02-20T10:06:04","slug":"4-dbh","status":"publish","type":"page","link":"https:\/\/iesmendillorribhi.educacion.navarra.es\/blogs\/orienta\/es\/4-dbh\/","title":{"rendered":"4\u00ba ESO Orientaci\u00f3n de estudios"},"content":{"rendered":"<p><span style=\"color: #0000ff;\">Ya est\u00e1s en 4\u00ba de la ESO <\/span>y tienes que decidir que vas a hacer el a\u00f1os que viene, tienes varias opciones, elige la que m\u00e1s te guste. Pero no olvides que lo m\u00e1s importante es que apruebes todo en junio, para poder tener todas las opciones.<\/p>\n<h3>Cuadernillo de orientaci\u00f3n de estudios<\/h3>\n<p><a href=\"https:\/\/zerbimendi.educacion.navarra.es\/owncloud\/index.php\/s\/IYP7cJxWZLJSav3\"><img loading=\"lazy\" class=\"alignleft wp-image-358 size-thumbnail\" src=\"http:\/\/iesmendillorribhi.educacion.navarra.es\/blogs\/orienta\/files\/2018\/01\/4-1Bach-Orientaci\u00f3n-150x150.png\" alt=\"\" width=\"150\" height=\"150\" \/><\/a><\/p>\n<h3><\/h3>\n<h3>Enlaces<\/h3>\n<ul>\n<li><a href=\"http:\/\/www.aplicaciones.info\/utiles\/optestba.htm\">Test de intereses de bachillerato<\/a><\/li>\n<li><a href=\"http:\/\/es.slideshare.net\/psicotorre\/qu-hacer-al-terminar-4-eso?next_slideshow=1\">Despu\u00e9s de acabar 4\u00ba de la ESO qu\u00e9.<\/a><\/li>\n<\/ul>\n<h3>Estudios posteriores<\/h3>\n<p><b><a href=\"http:\/\/iesmendillorribhi.educacion.navarra.es\/blogs\/orienta\/es\/2014\/12\/16\/erdi-mailako-lanbide-heziketa\/\">Grado medio de formaci\u00f3n Profesional<\/a><\/b><\/p>\n<p><b><a href=\"http:\/\/iesmendillorribhi.educacion.navarra.es\/blogs\/orienta\/es\/2014\/12\/16\/batxilergoa\/\">Bachillerato<\/a><\/b><\/p>\n<p><b>Trabajar<\/b><\/p>\n<p>Si ves que no vas a aprobar este a\u00f1o tienes dos opciones: repetir 4\u00ba de la ESO o hacer la <b><a href=\"http:\/\/todofp.es\/todofp\/pruebas-convalidaciones\/ciclos-grado-medio.html\">prueba de acceso a Formaci\u00f3n Profesional Medio<\/a><\/b> si tienes m\u00e1s de 17 a\u00f1os.<\/p>","protected":false},"excerpt":{"rendered":"<p>Ya est\u00e1s en 4\u00ba de la ESO y tienes que decidir que vas a hacer el a\u00f1os que viene, tienes varias opciones, elige la que m\u00e1s te guste. Pero no olvides que lo m\u00e1s importante es que apruebes todo en junio, para poder tener todas las opciones. Cuadernillo de orientaci\u00f3n de estudios Enlaces Test de &hellip; <a href=\"https:\/\/iesmendillorribhi.educacion.navarra.es\/blogs\/orienta\/es\/4-dbh\/\" class=\"more-link\">Seguir leyendo <span class=\"screen-reader-text\">4\u00ba ESO Orientaci\u00f3n de estudios<\/span> <span class=\"meta-nav\">&rarr;<\/span><\/a><\/p>\n","protected":false},"author":73,"featured_media":0,"parent":0,"menu_order":0,"comment_status":"open","ping_status":"closed","template":"","meta":[],"_links":{"self":[{"href":"https:\/\/iesmendillorribhi.educacion.navarra.es\/blogs\/orienta\/es\/wp-json\/wp\/v2\/pages\/19"}],"collection":[{"href":"https:\/\/iesmendillorribhi.educacion.navarra.es\/blogs\/orienta\/es\/wp-json\/wp\/v2\/pages"}],"about":[{"href":"https:\/\/iesmendillorribhi.educacion.navarra.es\/blogs\/orienta\/es\/wp-json\/wp\/v2\/types\/page"}],"author":[{"embeddable":true,"href":"https:\/\/iesmendillorribhi.educacion.navarra.es\/blogs\/orienta\/es\/wp-json\/wp\/v2\/users\/73"}],"replies":[{"embeddable":true,"href":"https:\/\/iesmendillorribhi.educacion.navarra.es\/blogs\/orienta\/es\/wp-json\/wp\/v2\/comments?post=19"}],"version-history":[{"count":12,"href":"https:\/\/iesmendillorribhi.educacion.navarra.es\/blogs\/orienta\/es\/wp-json\/wp\/v2\/pages\/19\/revisions"}],"predecessor-version":[{"id":403,"href":"https:\/\/iesmendillorribhi.educacion.navarra.es\/blogs\/orienta\/es\/wp-json\/wp\/v2\/pages\/19\/revisions\/403"}],"wp:attachment":[{"href":"https:\/\/iesmendillorribhi.educacion.navarra.es\/blogs\/orienta\/es\/wp-json\/wp\/v2\/media?parent=19"}],"curies":[{"name":"wp","href":"https:\/\/api.w.org\/{rel}","templated":true}]}}