{"id":23,"date":"2014-12-16T12:11:13","date_gmt":"2014-12-16T11:11:13","guid":{"rendered":"http:\/\/iesmendillorribhi.educacion.navarra.es\/blogs\/orienta\/?p=23"},"modified":"2016-02-22T12:26:56","modified_gmt":"2016-02-22T11:26:56","slug":"unibertsitatea","status":"publish","type":"page","link":"https:\/\/iesmendillorribhi.educacion.navarra.es\/blogs\/orienta\/es\/unibertsitatea\/","title":{"rendered":"Universidad"},"content":{"rendered":"<p>Has decidido que vas a estudiar una carrera pero antes tienes que superar la prueba de selectividad, <b>aqu\u00ed tienes toda la informaci\u00f3n<\/b>.<\/p>\n<ul>\n<li><a href=\"http:\/\/www.educaweb.com\/contenidos\/educativos\/selectividad\/es-selectividad\/\">La selectividad.<\/a><\/li>\n<li><a href=\"http:\/\/www.educaweb.com\/contenidos\/educativos\/selectividad\/nota-admision-parametros-ponderacion\/\">Las ponderaciones generales. <\/a><\/li>\n<li><a href=\"http:\/\/www.educaweb.com\/contenidos\/educativos\/selectividad\/consejos-practicos-superar-prueba-selectividad\/\">Consejos para superar la prueba de selectividad<\/a><\/li>\n<li><a href=\"http:\/\/www.unavarra.es\/estudios\/acceso-y-matricula\/grados\/pruebas-de-acceso-a-la-universidad\/selectividad?submenu=yes\">Selectividad en Navarra.<\/a> (Calendario, estructura, ponderaciones, ejemplos&#8230;)<\/li>\n<li><a href=\"http:\/\/www.educaweb.com\/contenidos\/educativos\/estudios-universitarios\/vias-acceso-universidad\/\">Vias de acceso a la universidad<\/a><\/li>\n<\/ul>\n<p>Ahora que puedes acceder a la universidad, necesitas saber a cual de ellos tienes opci\u00f3n, las notas de corte de a\u00f1os anteriores, d\u00f3nde las imparten, los contenidos en cada uno de ellos&#8230;<\/p>\n<p>-MEC, toda Espa\u00f1a<\/p>\n<ul>\n<li><a href=\"http:\/\/universidad.es\/universidades\">Universidades de Espa\u00f1a<\/a><\/li>\n<li><a href=\"https:\/\/www.educacion.gob.es\/notasdecorte\/busquedaSimple.action\">Bucar por \u00e1mbito, universidad o CCAA la carrera<\/a><\/li>\n<\/ul>\n<p>-Navarrra UPNA<\/p>\n<ul>\n<li><a href=\"http:\/\/www.unavarra.es\/estudios\/acceso-y-matricula\">Acceso y matr\u00edcula<\/a><\/li>\n<li><a href=\"http:\/\/www.unavarra.es\/estudios\/grado\">Oferta<\/a><\/li>\n<\/ul>\n<p>-Navarra UNAV<\/p>\n<ul>\n<li><a href=\"http:\/\/www.unav.edu\/web\/admision-y-ayudas\/proceso-de-admision\">Acceso y matr\u00edcula<\/a>. (Solicitud, plazos, pruebas&#8230;)<\/li>\n<li><a href=\"http:\/\/www.unav.edu\/web\/estudios\/oferta-academica\">Oferta<\/a><\/li>\n<\/ul>\n<p>-EHU\/UPV<\/p>\n<ul>\n<li><a href=\"http:\/\/www.ehu.es\/es\/web\/sarrera-acceso\/izena-emateko-prozesua-eta-onarpena-aurkibidea\">Acceso y matr\u00edcula<\/a><\/li>\n<li><a href=\"http:\/\/www.ehu.es\/es\/web\/vicer.grado-innovacion\/gradu-eskaintza\">Oferta<\/a><\/li>\n<\/ul>\n<p>&nbsp;<\/p>\n<p>No olvid\u00e9is que existen ayudas para seguir estudiando, <a href=\"https:\/\/sede.educacion.gob.es\/catalogo-tramites\/becas-ayudas-subvenciones\/para-estudiar\/grado.html\">mirar aqu\u00ed<\/a>.<\/p>","protected":false},"excerpt":{"rendered":"<p>Has decidido que vas a estudiar una carrera pero antes tienes que superar la prueba de selectividad, aqu\u00ed tienes toda la informaci\u00f3n. La selectividad. Las ponderaciones generales. Consejos para superar la prueba de selectividad Selectividad en Navarra. (Calendario, estructura, ponderaciones, ejemplos&#8230;) Vias de acceso a la universidad Ahora que puedes acceder a la universidad, necesitas &hellip; <a href=\"https:\/\/iesmendillorribhi.educacion.navarra.es\/blogs\/orienta\/es\/unibertsitatea\/\" class=\"more-link\">Seguir leyendo <span class=\"screen-reader-text\">Universidad<\/span> <span class=\"meta-nav\">&rarr;<\/span><\/a><\/p>\n","protected":false},"author":73,"featured_media":0,"parent":0,"menu_order":0,"comment_status":"open","ping_status":"closed","template":"","meta":[],"_links":{"self":[{"href":"https:\/\/iesmendillorribhi.educacion.navarra.es\/blogs\/orienta\/es\/wp-json\/wp\/v2\/pages\/23"}],"collection":[{"href":"https:\/\/iesmendillorribhi.educacion.navarra.es\/blogs\/orienta\/es\/wp-json\/wp\/v2\/pages"}],"about":[{"href":"https:\/\/iesmendillorribhi.educacion.navarra.es\/blogs\/orienta\/es\/wp-json\/wp\/v2\/types\/page"}],"author":[{"embeddable":true,"href":"https:\/\/iesmendillorribhi.educacion.navarra.es\/blogs\/orienta\/es\/wp-json\/wp\/v2\/users\/73"}],"replies":[{"embeddable":true,"href":"https:\/\/iesmendillorribhi.educacion.navarra.es\/blogs\/orienta\/es\/wp-json\/wp\/v2\/comments?post=23"}],"version-history":[{"count":9,"href":"https:\/\/iesmendillorribhi.educacion.navarra.es\/blogs\/orienta\/es\/wp-json\/wp\/v2\/pages\/23\/revisions"}],"predecessor-version":[{"id":273,"href":"https:\/\/iesmendillorribhi.educacion.navarra.es\/blogs\/orienta\/es\/wp-json\/wp\/v2\/pages\/23\/revisions\/273"}],"wp:attachment":[{"href":"https:\/\/iesmendillorribhi.educacion.navarra.es\/blogs\/orienta\/es\/wp-json\/wp\/v2\/media?parent=23"}],"curies":[{"name":"wp","href":"https:\/\/api.w.org\/{rel}","templated":true}]}}