{"id":25,"date":"2014-12-16T12:18:13","date_gmt":"2014-12-16T11:18:13","guid":{"rendered":"http:\/\/iesmendillorribhi.educacion.navarra.es\/blogs\/orienta\/?p=25"},"modified":"2016-02-22T12:20:18","modified_gmt":"2016-02-22T11:20:18","slug":"batxilergoa","status":"publish","type":"page","link":"https:\/\/iesmendillorribhi.educacion.navarra.es\/blogs\/orienta\/es\/batxilergoa\/","title":{"rendered":"Bachillerato"},"content":{"rendered":"<p><\/p>\n<p>Has decidico seguir formandote tras acabar la ESO. eleigiendo bachillerato para ello. \u00bfSabes que modalidad? \u00bfTienes dudas? \u00bfconoces las salidas de cada uno?<\/p>\n<ul>\n<li><a href=\"http:\/\/www.educacion.navarra.es\/web\/dpto\/bachillerato\/modalidades-bachillerato\">Modalidades<\/a><\/li>\n<li><a href=\"http:\/\/www.educacion.navarra.es\/web\/dpto\/bachillerato\/cursos-y-materias-bachillerato\">Cursos y materias<\/a><\/li>\n<li><a href=\"http:\/\/www.educacion.navarra.es\/web\/dpto\/bachillerato\/centros-bachillerato\">Centros de navarra<\/a><\/li>\n<li><a href=\"http:\/\/es.scribd.com\/doc\/51641505\/Relacion-Bachillerato-Grados\">Relaci\u00f3n con la lcarreras<\/a><\/li>\n<\/ul>\n<p>No olvid\u00e9is que existen ayudas para seguir estudiando, <a href=\"https:\/\/sede.educacion.gob.es\/catalogo-tramites\/becas-ayudas-subvenciones\/para-estudiar\/bachillerato.html\">mirar aqu\u00ed<\/a>.<\/p>\n<p><\/p>","protected":false},"excerpt":{"rendered":"<p>Has decidico seguir formandote tras acabar la ESO. eleigiendo bachillerato para ello. \u00bfSabes que modalidad? \u00bfTienes dudas? \u00bfconoces las salidas de cada uno? Modalidades Cursos y materias Centros de navarra Relaci\u00f3n con la lcarreras No olvid\u00e9is que existen ayudas para seguir estudiando, mirar aqu\u00ed.<\/p>\n","protected":false},"author":73,"featured_media":0,"parent":0,"menu_order":0,"comment_status":"open","ping_status":"closed","template":"","meta":[],"_links":{"self":[{"href":"https:\/\/iesmendillorribhi.educacion.navarra.es\/blogs\/orienta\/es\/wp-json\/wp\/v2\/pages\/25"}],"collection":[{"href":"https:\/\/iesmendillorribhi.educacion.navarra.es\/blogs\/orienta\/es\/wp-json\/wp\/v2\/pages"}],"about":[{"href":"https:\/\/iesmendillorribhi.educacion.navarra.es\/blogs\/orienta\/es\/wp-json\/wp\/v2\/types\/page"}],"author":[{"embeddable":true,"href":"https:\/\/iesmendillorribhi.educacion.navarra.es\/blogs\/orienta\/es\/wp-json\/wp\/v2\/users\/73"}],"replies":[{"embeddable":true,"href":"https:\/\/iesmendillorribhi.educacion.navarra.es\/blogs\/orienta\/es\/wp-json\/wp\/v2\/comments?post=25"}],"version-history":[{"count":6,"href":"https:\/\/iesmendillorribhi.educacion.navarra.es\/blogs\/orienta\/es\/wp-json\/wp\/v2\/pages\/25\/revisions"}],"predecessor-version":[{"id":257,"href":"https:\/\/iesmendillorribhi.educacion.navarra.es\/blogs\/orienta\/es\/wp-json\/wp\/v2\/pages\/25\/revisions\/257"}],"wp:attachment":[{"href":"https:\/\/iesmendillorribhi.educacion.navarra.es\/blogs\/orienta\/es\/wp-json\/wp\/v2\/media?parent=25"}],"curies":[{"name":"wp","href":"https:\/\/api.w.org\/{rel}","templated":true}]}}