{"id":29,"date":"2014-12-16T12:24:11","date_gmt":"2014-12-16T11:24:11","guid":{"rendered":"http:\/\/iesmendillorribhi.educacion.navarra.es\/blogs\/orienta\/?p=29"},"modified":"2018-01-23T11:54:25","modified_gmt":"2018-01-23T10:54:25","slug":"goi-mailako-lanbide-heziketa","status":"publish","type":"page","link":"https:\/\/iesmendillorribhi.educacion.navarra.es\/blogs\/orienta\/es\/goi-mailako-lanbide-heziketa\/","title":{"rendered":"Formaci\u00f3n Profesional de Grado Superior"},"content":{"rendered":"<p>\u00bfQui\u00e9n dijo que la universidad es mejor que la FP? Cada uno tiene que estudiar lo que m\u00e1s le guste e inter\u00e9s y si te apetece hacer una FP no lo dudes!!!!! Adelante!!! Aqu\u00ed tienes la informaci\u00f3n de grado superior.<\/p>\n<ul>\n<li><a href=\"http:\/\/todofp.es\/todofp\/sobre-fp\/informacion-general.html\">Informaci\u00f3n general de los ciclos formativos de Grado Superior<\/a><\/li>\n<li><a href=\"http:\/\/todofp.es\/todofp\/pruebas-convalidaciones\/ciclos-grado-superior.html\">Pruebas de acceso a ciclos formativos de grado suepior Espa\u00f1a.<\/a><\/li>\n<li><a href=\"http:\/\/www.educacion.navarra.es\/web\/dpto\/ciclos-formativos\">Navarra<\/a><\/li>\n<li><a href=\"http:\/\/www.hezkuntza.ejgv.euskadi.net\/r43-805\/es\/\">Pa\u00eds Vasco<\/a><\/li>\n<li><a href=\"http:\/\/todofp.es\/todofp\/que-como-y-donde-estudiar\/que-estudiar\/ciclos\/grado-superior.html\">MEC Espa\u00f1a<\/a><\/li>\n<li><a href=\"http:\/\/www.mecd.gob.es\/educacion-mecd\/areas-educacion\/sistema-educativo\/ensenanzas\/ensenanzas-artisticas.html\">Ense\u00f1anzas Art\u00edsticas superiores.\u00a0(<\/a><a href=\"https:\/\/sede.educacion.gob.es\/catalogo-tramites\/becas-ayudas-subvenciones\/para-estudiar\/artisticas.html\">Becas<\/a><a href=\"http:\/\/www.mecd.gob.es\/educacion-mecd\/areas-educacion\/sistema-educativo\/ensenanzas\/ensenanzas-artisticas.html\">)<\/a><\/li>\n<li><a href=\"http:\/\/www.mecd.gob.es\/educacion-mecd\/areas-educacion\/sistema-educativo\/ensenanzas\/ensenanzas-deportivas\/grado-superior.html\">Ense\u00f1anzas deportivas de grado superior.<\/a>\u00a0(<a href=\"https:\/\/sede.educacion.gob.es\/catalogo-tramites\/becas-ayudas-subvenciones\/para-estudiar\/deportivas.html\">Becas<\/a>)<\/li>\n<\/ul>\n<p>No olvid\u00e9is que existen ayudas para seguir estudiando, <a href=\"https:\/\/sede.educacion.gob.es\/catalogo-tramites\/becas-ayudas-subvenciones\/para-estudiar\/formacion-profesional.html\">mirar aqu\u00ed.<\/a><\/p>","protected":false},"excerpt":{"rendered":"<p>\u00bfQui\u00e9n dijo que la universidad es mejor que la FP? Cada uno tiene que estudiar lo que m\u00e1s le guste e inter\u00e9s y si te apetece hacer una FP no lo dudes!!!!! Adelante!!! Aqu\u00ed tienes la informaci\u00f3n de grado superior. Informaci\u00f3n general de los ciclos formativos de Grado Superior Pruebas de acceso a ciclos formativos &hellip; <a href=\"https:\/\/iesmendillorribhi.educacion.navarra.es\/blogs\/orienta\/es\/goi-mailako-lanbide-heziketa\/\" class=\"more-link\">Seguir leyendo <span class=\"screen-reader-text\">Formaci\u00f3n Profesional de Grado Superior<\/span> <span class=\"meta-nav\">&rarr;<\/span><\/a><\/p>\n","protected":false},"author":73,"featured_media":0,"parent":0,"menu_order":0,"comment_status":"open","ping_status":"closed","template":"","meta":[],"_links":{"self":[{"href":"https:\/\/iesmendillorribhi.educacion.navarra.es\/blogs\/orienta\/es\/wp-json\/wp\/v2\/pages\/29"}],"collection":[{"href":"https:\/\/iesmendillorribhi.educacion.navarra.es\/blogs\/orienta\/es\/wp-json\/wp\/v2\/pages"}],"about":[{"href":"https:\/\/iesmendillorribhi.educacion.navarra.es\/blogs\/orienta\/es\/wp-json\/wp\/v2\/types\/page"}],"author":[{"embeddable":true,"href":"https:\/\/iesmendillorribhi.educacion.navarra.es\/blogs\/orienta\/es\/wp-json\/wp\/v2\/users\/73"}],"replies":[{"embeddable":true,"href":"https:\/\/iesmendillorribhi.educacion.navarra.es\/blogs\/orienta\/es\/wp-json\/wp\/v2\/comments?post=29"}],"version-history":[{"count":14,"href":"https:\/\/iesmendillorribhi.educacion.navarra.es\/blogs\/orienta\/es\/wp-json\/wp\/v2\/pages\/29\/revisions"}],"predecessor-version":[{"id":349,"href":"https:\/\/iesmendillorribhi.educacion.navarra.es\/blogs\/orienta\/es\/wp-json\/wp\/v2\/pages\/29\/revisions\/349"}],"wp:attachment":[{"href":"https:\/\/iesmendillorribhi.educacion.navarra.es\/blogs\/orienta\/es\/wp-json\/wp\/v2\/media?parent=29"}],"curies":[{"name":"wp","href":"https:\/\/api.w.org\/{rel}","templated":true}]}}