{"id":33,"date":"2014-12-17T08:08:04","date_gmt":"2014-12-17T07:08:04","guid":{"rendered":"http:\/\/iesmendillorribhi.educacion.navarra.es\/blogs\/orienta\/?page_id=33"},"modified":"2017-12-22T12:32:45","modified_gmt":"2017-12-22T11:32:45","slug":"orientazioa","status":"publish","type":"page","link":"https:\/\/iesmendillorribhi.educacion.navarra.es\/blogs\/orienta\/es\/orientazioa\/","title":{"rendered":"Orientaci\u00f3n Educativa"},"content":{"rendered":"<p>&nbsp;<\/p>\n<blockquote>\n<p style=\"text-align: center;\"><strong>Bienvenidos a la web de orientaci\u00f3n del IES Mendillorri BHI<\/strong><\/p>\n<\/blockquote>\n<p><span style=\"color: #0000ff;\"><b>La orientaci\u00f3n educativa<\/b><\/span> es un conjunto de actividades destinadas a los alumnos, los padres y los profesores, con el objetivo de contribuir al desarrollo de sus tareas dentro del \u00e1mbito espec\u00edfico de los centros escolares.<\/p>\n<p><a href=\"http:\/\/www.educacion.navarra.es\/documents\/27590\/590071\/2245_ponencia.pps\/0c09efdd-7857-4859-bfcf-e8b31ab20598\">La orientaci\u00f3n educativa<\/a><\/p>\n<p><a href=\"http:\/\/www.educacion.navarra.es\/documents\/27590\/590071\/2254_orientacion_ESO.pdf\/1c364705-9ebf-4e5d-bfb3-bd9e1771007e\">La orientacion en secundaria<\/a><\/p>\n<p><img src=\"https:\/\/images-blogger-opensocial.googleusercontent.com\/gadgets\/proxy?url=http%3A%2F%2Fiesorientabhi.blogspot.es%2Fmedia%2Fcache%2Fresolve%2Fmedia%2Ffiles%2F00%2F607%2F769%2F2014%2F12%2Forientacion-coche.jpg&amp;container=blogger&amp;gadget=a&amp;rewriteMime=image%2F*\" alt=\"Orientaci\u00f3n educativa\" \/><\/p>","protected":false},"excerpt":{"rendered":"<p>&nbsp; Bienvenidos a la web de orientaci\u00f3n del IES Mendillorri BHI La orientaci\u00f3n educativa es un conjunto de actividades destinadas a los alumnos, los padres y los profesores, con el objetivo de contribuir al desarrollo de sus tareas dentro del \u00e1mbito espec\u00edfico de los centros escolares. La orientaci\u00f3n educativa La orientacion en secundaria<\/p>\n","protected":false},"author":73,"featured_media":0,"parent":0,"menu_order":0,"comment_status":"open","ping_status":"closed","template":"","meta":[],"_links":{"self":[{"href":"https:\/\/iesmendillorribhi.educacion.navarra.es\/blogs\/orienta\/es\/wp-json\/wp\/v2\/pages\/33"}],"collection":[{"href":"https:\/\/iesmendillorribhi.educacion.navarra.es\/blogs\/orienta\/es\/wp-json\/wp\/v2\/pages"}],"about":[{"href":"https:\/\/iesmendillorribhi.educacion.navarra.es\/blogs\/orienta\/es\/wp-json\/wp\/v2\/types\/page"}],"author":[{"embeddable":true,"href":"https:\/\/iesmendillorribhi.educacion.navarra.es\/blogs\/orienta\/es\/wp-json\/wp\/v2\/users\/73"}],"replies":[{"embeddable":true,"href":"https:\/\/iesmendillorribhi.educacion.navarra.es\/blogs\/orienta\/es\/wp-json\/wp\/v2\/comments?post=33"}],"version-history":[{"count":15,"href":"https:\/\/iesmendillorribhi.educacion.navarra.es\/blogs\/orienta\/es\/wp-json\/wp\/v2\/pages\/33\/revisions"}],"predecessor-version":[{"id":326,"href":"https:\/\/iesmendillorribhi.educacion.navarra.es\/blogs\/orienta\/es\/wp-json\/wp\/v2\/pages\/33\/revisions\/326"}],"wp:attachment":[{"href":"https:\/\/iesmendillorribhi.educacion.navarra.es\/blogs\/orienta\/es\/wp-json\/wp\/v2\/media?parent=33"}],"curies":[{"name":"wp","href":"https:\/\/api.w.org\/{rel}","templated":true}]}}