{"id":2402,"date":"2013-09-07T12:46:57","date_gmt":"2013-09-07T10:46:57","guid":{"rendered":"http:\/\/iesmendillorribhi.educacion.navarra.es\/blogs\/transporte\/"},"modified":"2025-08-27T09:40:59","modified_gmt":"2025-08-27T07:40:59","slug":"transporte","status":"publish","type":"page","link":"https:\/\/iesmendillorribhi.educacion.navarra.es\/blogs\/transporte\/","title":{"rendered":"Transporte"},"content":{"rendered":"\n<p>El transporte escolar se organiza de acuerdo con lo establecido en la<a href=\"https:\/\/bon.navarra.es\/es\/anuncio\/-\/texto\/2022\/110\/1\"> Orden Foral 35\/2022<\/a>.<\/p>\n\n\n\n<p><strong>QUIENES NO TENGAN DERECHO A TRANSPORTE Y QUIERAN HACER SOLICITUD DE ASIENTOS VACANTES DEBER\u00c1N HACERLO LOS PRIMEROS D\u00cdAS DEL CURSO.<\/strong><\/p>\n\n\n\n<p><strong>Las rutas y el horario de transporte del curso 2025-2026 se notificar\u00e1n a las familias a principios de septiembre.<\/strong><\/p>\n\n\n\n<p><\/p>\n\n\n\n<h2>Reglamento<\/h2>\n\n\n\n<ul><li>Es necesario mostrar el carnet de transporte al subir al autob\u00fas. Si se pierde se puede pedir un nuevo carnet en la oficina de administraci\u00f3n (1\u20ac).<\/li><li>El alumnado deber\u00e1 viajar en el <strong>autob\u00fas asignado<\/strong>. Se pueden solicitar cambios poni\u00e9ndose en contacto con Vicedirecci\u00f3n, pero no est\u00e1n permitidos los cambios sin avisar. Est\u00e1 totalmente <strong>prohibido subir en un autob\u00fas que no corresponde<\/strong>. <\/li><li>A principio de curso se asignar\u00e1 un asiento al alumnado, y ser\u00e1 el que deber\u00e1n utilizar durante todo el a\u00f1o.<\/li><li>Durante todo el trayecto ser\u00e1 obligatorio ir con el <strong>cintur\u00f3n abrochado<\/strong>. Est\u00e1 <strong>prohibido<\/strong> por tanto <strong>comer y beber en el autob\u00fas, viajar de pie o compartir asientos<\/strong>. <\/li><li>Si las compa\u00f1\u00edas de transporte detectan <strong>desperfectos<\/strong> en sus veh\u00edculos <strong>el\/la alumno\/a que ocupe dicho asiento ser\u00e1 el primer responsable<\/strong>. <\/li><\/ul>\n\n\n\n<p>El centro tomar\u00e1 <strong>medidas<\/strong> en el caso de detectar <strong>comportamientos inadecuados<\/strong> en el transporte, entre las que puede estar la <strong>suspensi\u00f3n temporal del derecho al uso del mismo<\/strong>. <\/p>\n\n\n\n<h2>Recorridos y horario 25-26<\/h2>\n\n\n\n<p><\/p>\n\n\n\n<iframe loading=\"lazy\" src=\"https:\/\/docs.google.com\/spreadsheets\/d\/e\/2PACX-1vQ5dlZJEWk7-Yxs3XG2J36aIH1sUp_9Gz2lQrAwBhJuiEb0afQv_jgA0esxhD7PzxkVYQ5oM86Q_IxU\/pubhtml?gid=686189561&amp;single=true&amp;widget=true&amp;headers=false\" width=\"100%\" height=\"2400\"><\/iframe>\n\n\n\n<p>.<\/p>\n","protected":false},"excerpt":{"rendered":"<p>El transporte escolar se organiza de acuerdo con lo establecido en la Orden Foral 35\/2022. QUIENES NO TENGAN DERECHO A TRANSPORTE Y QUIERAN HACER SOLICITUD DE ASIENTOS VACANTES DEBER\u00c1N HACERLO LOS PRIMEROS D\u00cdAS DEL CURSO. Las rutas y el horario de transporte del curso 2025-2026 se notificar\u00e1n a las familias a principios de septiembre. Reglamento [&hellip;]<\/p>\n","protected":false},"author":110,"featured_media":4560,"parent":0,"menu_order":0,"comment_status":"closed","ping_status":"open","template":"templates\/blocks.php","meta":{"_genesis_hide_title":false,"_genesis_hide_breadcrumbs":false,"_genesis_hide_singular_image":false,"_genesis_hide_footer_widgets":false,"_genesis_custom_body_class":"","_genesis_custom_post_class":"","_genesis_layout":"full-width-content"},"featured_image_src":"https:\/\/iesmendillorribhi.educacion.navarra.es\/blogs\/wp-content\/uploads\/2021\/04\/orrialdeakirudia-2-600x400.png","featured_image_src_square":"https:\/\/iesmendillorribhi.educacion.navarra.es\/blogs\/wp-content\/uploads\/2021\/04\/orrialdeakirudia-2-600x600.png","_links":{"self":[{"href":"https:\/\/iesmendillorribhi.educacion.navarra.es\/blogs\/wp-json\/wp\/v2\/pages\/2402"}],"collection":[{"href":"https:\/\/iesmendillorribhi.educacion.navarra.es\/blogs\/wp-json\/wp\/v2\/pages"}],"about":[{"href":"https:\/\/iesmendillorribhi.educacion.navarra.es\/blogs\/wp-json\/wp\/v2\/types\/page"}],"author":[{"embeddable":true,"href":"https:\/\/iesmendillorribhi.educacion.navarra.es\/blogs\/wp-json\/wp\/v2\/users\/110"}],"replies":[{"embeddable":true,"href":"https:\/\/iesmendillorribhi.educacion.navarra.es\/blogs\/wp-json\/wp\/v2\/comments?post=2402"}],"version-history":[{"count":26,"href":"https:\/\/iesmendillorribhi.educacion.navarra.es\/blogs\/wp-json\/wp\/v2\/pages\/2402\/revisions"}],"predecessor-version":[{"id":9061,"href":"https:\/\/iesmendillorribhi.educacion.navarra.es\/blogs\/wp-json\/wp\/v2\/pages\/2402\/revisions\/9061"}],"wp:featuredmedia":[{"embeddable":true,"href":"https:\/\/iesmendillorribhi.educacion.navarra.es\/blogs\/wp-json\/wp\/v2\/media\/4560"}],"wp:attachment":[{"href":"https:\/\/iesmendillorribhi.educacion.navarra.es\/blogs\/wp-json\/wp\/v2\/media?parent=2402"}],"curies":[{"name":"wp","href":"https:\/\/api.w.org\/{rel}","templated":true}]}}