{"id":2418,"date":"2013-10-21T09:02:31","date_gmt":"2013-10-21T07:02:31","guid":{"rendered":"http:\/\/iesmendillorribhi.educacion.navarra.es\/blogs\/consejo-escolar\/"},"modified":"2022-01-20T12:35:43","modified_gmt":"2022-01-20T11:35:43","slug":"consejo-escolar","status":"publish","type":"page","link":"https:\/\/iesmendillorribhi.educacion.navarra.es\/blogs\/consejo-escolar\/","title":{"rendered":"Consejo Escolar"},"content":{"rendered":"\n<p>La composici\u00f3n del consejo escolar es:<\/p>\n\n\n\n<div class=\"wp-container-2 wp-block-group alignwide\"><div class=\"wp-block-group__inner-container\">\n<div class=\"wp-block-columns alignwide\">\n<div class=\"wp-block-column\" style=\"flex-basis:100%\">\n<div class=\"wp-container-1 wp-block-group\"><div class=\"wp-block-group__inner-container\">\n<div class=\"wp-block-columns\">\n<div class=\"wp-block-column\" style=\"flex-basis:100%\">\n<figure class=\"wp-block-table alignwide\"><table><tbody><tr><td><strong>DIRECCI\u00d3N<\/strong><\/td><td>Erkuden Go\u00f1i<br>Raquel \u00c1lvarez<br>Andrea Madotz<br>Eder Arbe<\/td><\/tr><tr><td><strong>PROFESORADO<\/strong><\/td><td>Eva Iba\u00f1ez<br>Eli D\u00edaz<br>Leonor Arellano<br>Carlos Astr\u00e1in<\/td><\/tr><tr><td><strong>PADRES\/MADRES<\/strong><\/td><td>El\u00edas Javier Font\u00e9riz<br>Goretti Gallego<\/td><\/tr><tr><td><strong>ALUMNADO<\/strong><\/td><td><\/td><\/tr><tr><td><strong>PAS<\/strong><\/td><td>Josi Barrena<\/td><\/tr><tr><td><strong>APYMA<\/strong><\/td><td>Oskia Red\u00edn<\/td><\/tr><tr><td><strong>AYUNTAMIENTO<\/strong><\/td><td>Cristina Mart\u00ednez<\/td><\/tr><\/tbody><\/table><\/figure>\n<\/div>\n<\/div>\n<\/div><\/div>\n<\/div>\n<\/div>\n<\/div><\/div>\n","protected":false},"excerpt":{"rendered":"<p>La composici\u00f3n del consejo escolar es: DIRECCI\u00d3N Erkuden Go\u00f1iRaquel \u00c1lvarezAndrea MadotzEder Arbe PROFESORADO Eva Iba\u00f1ezEli D\u00edazLeonor ArellanoCarlos Astr\u00e1in PADRES\/MADRES El\u00edas Javier Font\u00e9rizGoretti Gallego ALUMNADO PAS Josi Barrena APYMA Oskia Red\u00edn AYUNTAMIENTO Cristina Mart\u00ednez<\/p>\n","protected":false},"author":110,"featured_media":4560,"parent":0,"menu_order":0,"comment_status":"closed","ping_status":"open","template":"","meta":{"_genesis_hide_title":false,"_genesis_hide_breadcrumbs":false,"_genesis_hide_singular_image":false,"_genesis_hide_footer_widgets":false,"_genesis_custom_body_class":"","_genesis_custom_post_class":"","_genesis_layout":""},"featured_image_src":"https:\/\/iesmendillorribhi.educacion.navarra.es\/blogs\/wp-content\/uploads\/2021\/04\/orrialdeakirudia-2-600x400.png","featured_image_src_square":"https:\/\/iesmendillorribhi.educacion.navarra.es\/blogs\/wp-content\/uploads\/2021\/04\/orrialdeakirudia-2-600x600.png","_links":{"self":[{"href":"https:\/\/iesmendillorribhi.educacion.navarra.es\/blogs\/wp-json\/wp\/v2\/pages\/2418"}],"collection":[{"href":"https:\/\/iesmendillorribhi.educacion.navarra.es\/blogs\/wp-json\/wp\/v2\/pages"}],"about":[{"href":"https:\/\/iesmendillorribhi.educacion.navarra.es\/blogs\/wp-json\/wp\/v2\/types\/page"}],"author":[{"embeddable":true,"href":"https:\/\/iesmendillorribhi.educacion.navarra.es\/blogs\/wp-json\/wp\/v2\/users\/110"}],"replies":[{"embeddable":true,"href":"https:\/\/iesmendillorribhi.educacion.navarra.es\/blogs\/wp-json\/wp\/v2\/comments?post=2418"}],"version-history":[{"count":14,"href":"https:\/\/iesmendillorribhi.educacion.navarra.es\/blogs\/wp-json\/wp\/v2\/pages\/2418\/revisions"}],"predecessor-version":[{"id":6048,"href":"https:\/\/iesmendillorribhi.educacion.navarra.es\/blogs\/wp-json\/wp\/v2\/pages\/2418\/revisions\/6048"}],"wp:featuredmedia":[{"embeddable":true,"href":"https:\/\/iesmendillorribhi.educacion.navarra.es\/blogs\/wp-json\/wp\/v2\/media\/4560"}],"wp:attachment":[{"href":"https:\/\/iesmendillorribhi.educacion.navarra.es\/blogs\/wp-json\/wp\/v2\/media?parent=2418"}],"curies":[{"name":"wp","href":"https:\/\/api.w.org\/{rel}","templated":true}]}}