{"id":2420,"date":"2013-10-21T09:12:23","date_gmt":"2013-10-21T07:12:23","guid":{"rendered":"http:\/\/iesmendillorribhi.educacion.navarra.es\/blogs\/organizacion-y-funcionamiento\/"},"modified":"2021-04-14T12:29:50","modified_gmt":"2021-04-14T10:29:50","slug":"organizacion-y-funcionamiento","status":"publish","type":"page","link":"https:\/\/iesmendillorribhi.educacion.navarra.es\/blogs\/organizacion-y-funcionamiento\/","title":{"rendered":"Organizaci\u00f3n y funcionamiento"},"content":{"rendered":"\n<ul><li>La entrada del profesorado se hace por la puerta principal y la del alumnado a trav\u00e9s del patio, tanto al inicio de la jornada escolar como en el recreo.<\/li><li>A las 8,30 se cierran todas las puertas de modo que el alumnado que llega con retraso entrar\u00e1 por la principal. Si el retraso no est\u00e1 justificado sus nombres ser\u00e1n anotados por el personal de conserjer\u00eda y recibir\u00e1n notificaci\u00f3n las familias a trav\u00e9s de un SMS. Este alumnado ir\u00e1 despu\u00e9s al aula (no se queda en los pasillos) y el profesorado registrar\u00e1 la incidencia.La acumulaci\u00f3n de faltas de asistencia y\/o retrasos no justificadas tendr\u00e1 el tratamiento especificado en el reglamento de convivencia del centro.<\/li><li>Las sesiones duran 55 minutos y es el timbre el que marca el final de una clase y el comienzo de la siguiente. Si no tiene que desplazarse a aulas espec\u00edficas el alumnado no sale al pasillo.<\/li><li>En bachiller modelo D, el horario tiene 7 sesiones de lunes a jueves.<\/li><li>Se exigir\u00e1 la limpieza y el buen uso, tanto del aula como del material que en ella se encuentre. Cada alumno y alumna es responsable del buen uso y mantenimiento de dicho material.<\/li><li>Durante el recreo el alumnado de ESO sale al patio y el de Bachillerato al exterior del centro.<\/li><li>Educa es la herramienta de gesti\u00f3n del Departamento de Educaci\u00f3n que usamos para registrar las faltas de asistencia y retrasos, as\u00ed como las notas del alumnado. Todas las familias tienen una clave para acceder a dicha informaci\u00f3n, y es su responsabilidad hacerlo.<\/li><li>La agenda es el registro del proceso educativo del alumnado. A trav\u00e9s de ella se justifican faltas de asistencia, retrasos, se comunican incidencias a las familias y viceversa, se apuntan tareas que realizar, ex\u00e1menes y sus resultados\u2026 Es un documento que hay que cuidar, no se puede pintar ni perder y podr\u00e1 estar presente en las reuniones con las familias.<\/li><li>La salida del instituto con permiso (m\u00e9dico, etc) se har\u00e1 tambi\u00e9n a trav\u00e9s de la agenda que se ense\u00f1ar\u00e1 al profesorado correspondiente y en conserjer\u00eda. Si el alumno o alumna es menor, es obligatorio que venga a buscarle la persona autorizada. Si no puede ser, ser\u00e1 necesario que expresamente ponga en la agenda esta circunstancia.<\/li><li>El uso de aparatos electr\u00f3nicos (tel\u00e9fonos, mp3, c\u00e1maras de fotos&#8230;.) est\u00e1 prohibido y el centro no se responsabiliza de posibles p\u00e9rdidas, robos&#8230; Si no se cumple la norma el profesorado lo requisar\u00e1 y lo entregar\u00e1 en Jefatura de estudios y ser\u00e1 la persona responsable del alumno o alumna qui\u00e9n podr\u00e1 pasar a recogerlo.<\/li><li>La base de la convivencia en el instituto es el mutuo respeto y el trato adecuado entre todos las personas que componen la Comunidad educativa. Las faltas derivadas del incumplimiento de esto conllevar\u00e1n acciones educativas correctoras que ser\u00e1n estudiadas y aplicadas de forma personal seg\u00fan las circunstancias y siempre en la l\u00ednea de desarrollar un autocontrol y autonom\u00eda responsable en cada persona.<\/li><\/ul>\n","protected":false},"excerpt":{"rendered":"<p>La entrada del profesorado se hace por la puerta principal y la del alumnado a trav\u00e9s del patio, tanto al inicio de la jornada escolar como en el recreo. A las 8,30 se cierran todas las puertas de modo que el alumnado que llega con retraso entrar\u00e1 por la principal. Si el retraso no est\u00e1 [&hellip;]<\/p>\n","protected":false},"author":110,"featured_media":4560,"parent":0,"menu_order":0,"comment_status":"closed","ping_status":"open","template":"templates\/blocks.php","meta":{"_genesis_hide_title":false,"_genesis_hide_breadcrumbs":false,"_genesis_hide_singular_image":false,"_genesis_hide_footer_widgets":false,"_genesis_custom_body_class":"","_genesis_custom_post_class":"","_genesis_layout":"full-width-content"},"featured_image_src":"https:\/\/iesmendillorribhi.educacion.navarra.es\/blogs\/wp-content\/uploads\/2021\/04\/orrialdeakirudia-2-600x400.png","featured_image_src_square":"https:\/\/iesmendillorribhi.educacion.navarra.es\/blogs\/wp-content\/uploads\/2021\/04\/orrialdeakirudia-2-600x600.png","_links":{"self":[{"href":"https:\/\/iesmendillorribhi.educacion.navarra.es\/blogs\/wp-json\/wp\/v2\/pages\/2420"}],"collection":[{"href":"https:\/\/iesmendillorribhi.educacion.navarra.es\/blogs\/wp-json\/wp\/v2\/pages"}],"about":[{"href":"https:\/\/iesmendillorribhi.educacion.navarra.es\/blogs\/wp-json\/wp\/v2\/types\/page"}],"author":[{"embeddable":true,"href":"https:\/\/iesmendillorribhi.educacion.navarra.es\/blogs\/wp-json\/wp\/v2\/users\/110"}],"replies":[{"embeddable":true,"href":"https:\/\/iesmendillorribhi.educacion.navarra.es\/blogs\/wp-json\/wp\/v2\/comments?post=2420"}],"version-history":[{"count":3,"href":"https:\/\/iesmendillorribhi.educacion.navarra.es\/blogs\/wp-json\/wp\/v2\/pages\/2420\/revisions"}],"predecessor-version":[{"id":5263,"href":"https:\/\/iesmendillorribhi.educacion.navarra.es\/blogs\/wp-json\/wp\/v2\/pages\/2420\/revisions\/5263"}],"wp:featuredmedia":[{"embeddable":true,"href":"https:\/\/iesmendillorribhi.educacion.navarra.es\/blogs\/wp-json\/wp\/v2\/media\/4560"}],"wp:attachment":[{"href":"https:\/\/iesmendillorribhi.educacion.navarra.es\/blogs\/wp-json\/wp\/v2\/media?parent=2420"}],"curies":[{"name":"wp","href":"https:\/\/api.w.org\/{rel}","templated":true}]}}