{"id":2424,"date":"2013-10-21T10:09:34","date_gmt":"2013-10-21T08:09:34","guid":{"rendered":"http:\/\/iesmendillorribhi.educacion.navarra.es\/blogs\/evaluaciones\/"},"modified":"2025-08-28T11:07:11","modified_gmt":"2025-08-28T09:07:11","slug":"evaluaciones","status":"publish","type":"page","link":"https:\/\/iesmendillorribhi.educacion.navarra.es\/blogs\/evaluaciones\/","title":{"rendered":"Evaluaciones 25-26"},"content":{"rendered":"\n<p>A lo largo del curso se realizan cuatro evaluaciones, la \u00faltima es extraordinaria. Despu\u00e9s de cada una el bolet\u00edn de calificaciones se publicar\u00e1 en EDUCA. <\/p>\n\n\n\n<p>En el mes de octubre tiene lugar una sesi\u00f3n de evaluaci\u00f3n sin registro de notas cuyo objetivo es analizar el comienzo de curso y consensuar din\u00e1micas de trabajo con el grupo.<\/p>\n\n\n\n<figure class=\"wp-block-table\"><table><tbody><tr><td><\/td><td><strong>Fin de evaluaci\u00f3n&nbsp;<\/strong><strong>ESO y 1\u00ba Bachiller<\/strong><\/td><td><\/td><td><strong>Fin de evaluaci\u00f3n\u00a02\u00baBachiller<\/strong><\/td><td><\/td><\/tr><tr><td><strong>EVALUACI\u00d3N INICIAL<\/strong><\/td><td>30 de septiembre, 2 y 3 de octubre<\/td><td><\/td><td><\/td><td>&nbsp;<\/td><\/tr><tr><td><strong>1\u00aa EVAL.<\/strong><\/td><td>20 noviembre<\/td><td><\/td><td>11 noviembre<\/td><td><\/td><\/tr><tr><td><strong>2\u00aa EVAL.<\/strong><\/td><td>11 marzo<\/td><td><\/td><td>10 febrero<\/td><td><\/td><\/tr><tr><td><strong>3\u00aa EVAL.&nbsp;<\/strong><\/td><td>8 junio (ESO) 28 mayo ( 1\u00baBach)<\/td><td><\/td><td>5 de mayo<\/td><td><\/td><\/tr><tr><td><strong>EVAL. FINAL<\/strong><\/td><td>16 junio (ESO) 5 junio (1\u00baBach)<\/td><td><\/td><td>15 de  mayo<\/td><td><\/td><\/tr><tr><td><strong>EXTRAORDINARIA<\/strong><\/td><td>No hay (ESO) 17 junio (1\u00baBach)<\/td><td><\/td><td>9- 11 junio<\/td><td><\/td><\/tr><\/tbody><\/table><\/figure>\n\n\n\n<p>Para recuperar las materias pendientes (asignaturas no superadas en cursos anteriores), cada Departamento did\u00e1ctico tiene elaborado un plan que se comunicar\u00e1 al alumnado afectado. El plan puede comprender la obtenci\u00f3n de una calificaci\u00f3n m\u00ednima en las primeras evaluaciones, la elaboraci\u00f3n de trabajos y\/o realizaci\u00f3n de ex\u00e1menes.<\/p>\n\n\n\n<p><\/p>\n","protected":false},"excerpt":{"rendered":"<p>A lo largo del curso se realizan cuatro evaluaciones, la \u00faltima es extraordinaria. Despu\u00e9s de cada una el bolet\u00edn de calificaciones se publicar\u00e1 en EDUCA. En el mes de octubre tiene lugar una sesi\u00f3n de evaluaci\u00f3n sin registro de notas cuyo objetivo es analizar el comienzo de curso y consensuar din\u00e1micas de trabajo con el [&hellip;]<\/p>\n","protected":false},"author":110,"featured_media":4560,"parent":0,"menu_order":0,"comment_status":"closed","ping_status":"open","template":"templates\/blocks.php","meta":{"_genesis_hide_title":false,"_genesis_hide_breadcrumbs":false,"_genesis_hide_singular_image":false,"_genesis_hide_footer_widgets":false,"_genesis_custom_body_class":"","_genesis_custom_post_class":"","_genesis_layout":"full-width-content"},"featured_image_src":"https:\/\/iesmendillorribhi.educacion.navarra.es\/blogs\/wp-content\/uploads\/2021\/04\/orrialdeakirudia-2-600x400.png","featured_image_src_square":"https:\/\/iesmendillorribhi.educacion.navarra.es\/blogs\/wp-content\/uploads\/2021\/04\/orrialdeakirudia-2-600x600.png","_links":{"self":[{"href":"https:\/\/iesmendillorribhi.educacion.navarra.es\/blogs\/wp-json\/wp\/v2\/pages\/2424"}],"collection":[{"href":"https:\/\/iesmendillorribhi.educacion.navarra.es\/blogs\/wp-json\/wp\/v2\/pages"}],"about":[{"href":"https:\/\/iesmendillorribhi.educacion.navarra.es\/blogs\/wp-json\/wp\/v2\/types\/page"}],"author":[{"embeddable":true,"href":"https:\/\/iesmendillorribhi.educacion.navarra.es\/blogs\/wp-json\/wp\/v2\/users\/110"}],"replies":[{"embeddable":true,"href":"https:\/\/iesmendillorribhi.educacion.navarra.es\/blogs\/wp-json\/wp\/v2\/comments?post=2424"}],"version-history":[{"count":15,"href":"https:\/\/iesmendillorribhi.educacion.navarra.es\/blogs\/wp-json\/wp\/v2\/pages\/2424\/revisions"}],"predecessor-version":[{"id":9065,"href":"https:\/\/iesmendillorribhi.educacion.navarra.es\/blogs\/wp-json\/wp\/v2\/pages\/2424\/revisions\/9065"}],"wp:featuredmedia":[{"embeddable":true,"href":"https:\/\/iesmendillorribhi.educacion.navarra.es\/blogs\/wp-json\/wp\/v2\/media\/4560"}],"wp:attachment":[{"href":"https:\/\/iesmendillorribhi.educacion.navarra.es\/blogs\/wp-json\/wp\/v2\/media?parent=2424"}],"curies":[{"name":"wp","href":"https:\/\/api.w.org\/{rel}","templated":true}]}}