{"id":2428,"date":"2014-03-12T10:09:41","date_gmt":"2014-03-12T09:09:41","guid":{"rendered":"http:\/\/iesmendillorribhi.educacion.navarra.es\/blogs\/becas\/"},"modified":"2024-03-18T10:14:53","modified_gmt":"2024-03-18T09:14:53","slug":"becas","status":"publish","type":"page","link":"https:\/\/iesmendillorribhi.educacion.navarra.es\/blogs\/becas\/","title":{"rendered":"Becas"},"content":{"rendered":"\n<h2 class=\"has-larger-font-size\"><b>Becas y ayudas de Educaci\u00f3n Especial<\/b> <strong>y para alumnado con necesidades espec\u00edficas de apoyo educativo<\/strong><\/h2>\n\n\n\n<ul><li><span style=\"font-weight: 400;\"><strong>Dirigidas a<\/strong>:<\/span><\/li><\/ul>\n\n\n\n<p><span style=\"font-weight: 400;\">Alumnado con Necesidades Educativas Especiales (ESO y Bachillerato)<\/span><\/p>\n\n\n\n<ul><li><span style=\"font-weight: 400;\"><strong>Becas del Departamento de Educaci\u00f3n<\/strong>:<\/span> <ul><li><a href=\"https:\/\/www.navarra.es\/es\/tramites\/on\/-\/line\/becas-de-educacion-especial-y-ayudas-para-alumnado-con-necesidades-especificas-de-apoyo-educativo?back=true&amp;pageBackId=5722676\">Procedimiento online.<\/a><\/li><li>Plazo: del 15 de marzo al 16 de abril del 2024 (ambos d\u00edas inclu\u00eddos)<\/li><\/ul><\/li><li><strong>Becas del Ministerio de Educaci\u00f3n y Cultura<\/strong>: <ul><li><span style=\"font-size: inherit;\"><a href=\"https:\/\/www.educacionyfp.gob.es\/servicios-al-ciudadano\/catalogo\/general\/05\/050140\/ficha\/050140-2023.html#dc\">Procedimiento online<\/a>.<\/span><\/li><li>Plazo: <\/li><li>Deben entregarse en en el instituto tras hacer la solicitud online. <\/li><\/ul><\/li><\/ul>\n\n\n\n<h2><b>Bachillerato<\/b><\/h2>\n\n\n\n<ul><li><span style=\"font-weight: 400;\"><strong>Becas del Departamento de Educaci\u00f3n<\/strong>:<\/span> <ul><li><span style=\"font-weight: 400;\"><a href=\"http:\/\/www.navarra.es\">Procedimiento online<\/a>.<\/span><\/li><li>Plazo: hasta el <\/li><\/ul><\/li><li><strong>Becas del Ministerio de Educaci\u00f3n y Cultura<\/strong>: <ul><li><a href=\"https:\/\/www.educacionyfp.gob.es\/servicios-al-ciudadano\/catalogo\/general\/05\/050130\/ficha\/050130-2024.html#dc\">Procedimiento online<\/a><span style=\"font-size: inherit;\">.<\/span><\/li><li>Plazo: dese el 19 de marzo de 2024 hasta el 10 de mayo.<\/li><\/ul><\/li><\/ul>\n\n\n\n<h2><b>ESO<\/b><\/h2>\n\n\n\n<p><span style=\"font-weight: 400;\">No hay becas por tratarse de educaci\u00f3n gratuita.<\/span><\/p>\n","protected":false},"excerpt":{"rendered":"<p>Becas y ayudas de Educaci\u00f3n Especial y para alumnado con necesidades espec\u00edficas de apoyo educativo Dirigidas a: Alumnado con Necesidades Educativas Especiales (ESO y Bachillerato) Becas del Departamento de Educaci\u00f3n: Procedimiento online. Plazo: del 15 de marzo al 16 de abril del 2024 (ambos d\u00edas inclu\u00eddos) Becas del Ministerio de Educaci\u00f3n y Cultura: Procedimiento online. [&hellip;]<\/p>\n","protected":false},"author":110,"featured_media":4560,"parent":0,"menu_order":0,"comment_status":"closed","ping_status":"open","template":"","meta":{"_genesis_hide_title":false,"_genesis_hide_breadcrumbs":false,"_genesis_hide_singular_image":false,"_genesis_hide_footer_widgets":false,"_genesis_custom_body_class":"","_genesis_custom_post_class":"","_genesis_layout":""},"featured_image_src":"https:\/\/iesmendillorribhi.educacion.navarra.es\/blogs\/wp-content\/uploads\/2021\/04\/orrialdeakirudia-2-600x400.png","featured_image_src_square":"https:\/\/iesmendillorribhi.educacion.navarra.es\/blogs\/wp-content\/uploads\/2021\/04\/orrialdeakirudia-2-600x600.png","_links":{"self":[{"href":"https:\/\/iesmendillorribhi.educacion.navarra.es\/blogs\/wp-json\/wp\/v2\/pages\/2428"}],"collection":[{"href":"https:\/\/iesmendillorribhi.educacion.navarra.es\/blogs\/wp-json\/wp\/v2\/pages"}],"about":[{"href":"https:\/\/iesmendillorribhi.educacion.navarra.es\/blogs\/wp-json\/wp\/v2\/types\/page"}],"author":[{"embeddable":true,"href":"https:\/\/iesmendillorribhi.educacion.navarra.es\/blogs\/wp-json\/wp\/v2\/users\/110"}],"replies":[{"embeddable":true,"href":"https:\/\/iesmendillorribhi.educacion.navarra.es\/blogs\/wp-json\/wp\/v2\/comments?post=2428"}],"version-history":[{"count":11,"href":"https:\/\/iesmendillorribhi.educacion.navarra.es\/blogs\/wp-json\/wp\/v2\/pages\/2428\/revisions"}],"predecessor-version":[{"id":7895,"href":"https:\/\/iesmendillorribhi.educacion.navarra.es\/blogs\/wp-json\/wp\/v2\/pages\/2428\/revisions\/7895"}],"wp:featuredmedia":[{"embeddable":true,"href":"https:\/\/iesmendillorribhi.educacion.navarra.es\/blogs\/wp-json\/wp\/v2\/media\/4560"}],"wp:attachment":[{"href":"https:\/\/iesmendillorribhi.educacion.navarra.es\/blogs\/wp-json\/wp\/v2\/media?parent=2428"}],"curies":[{"name":"wp","href":"https:\/\/api.w.org\/{rel}","templated":true}]}}