{"id":2448,"date":"2016-03-16T16:04:05","date_gmt":"2016-03-16T15:04:05","guid":{"rendered":"http:\/\/iesmendillorribhi.educacion.navarra.es\/blogs\/optativas-de-1er-ciclo-de-eso\/"},"modified":"2021-04-14T12:29:24","modified_gmt":"2021-04-14T10:29:24","slug":"optativas-de-1er-ciclo-de-eso","status":"publish","type":"page","link":"https:\/\/iesmendillorribhi.educacion.navarra.es\/blogs\/optativas-de-1er-ciclo-de-eso\/","title":{"rendered":"Optativas de 1er ciclo de ESO"},"content":{"rendered":"<p>Dentro de la autonom\u00eda del centro el&nbsp; IES Mendillorri oferta las siguientes asignaturas optativas para los cursos 1\u00ba, 2\u00ba y 3\u00ba de ESO.<\/p>\n<p>En cada curso solo se puede seleccionar una \u00fanica asignatura.<\/p>\n<p>Hay que tener en cuenta que los idiomas (franc\u00e9s, alem\u00e1n y euskara) son optativas de etapa y que una vez elegidas en 1\u00ba de ESO hay que continuar curs\u00e1ndolas hasta 4\u00ba. [1]<\/p>\n<table width=\"100%\" cellspacing=\"0\" cellpadding=\"4\">\n<colgroup>\n<col width=\"43*\">\n<col width=\"43*\">\n<col width=\"43*\">\n<col width=\"43*\">\n<col width=\"43*\">\n<col width=\"43*\"> <\/colgroup>\n<tbody>\n<tr valign=\"top\">\n<td width=\"17%\">\n<p lang=\"es-ES\">1\u00ba ESO<\/p>\n<\/td>\n<td width=\"17%\">\n<p lang=\"es-ES\"><a href=\"http:\/\/zerbimendi.educacion.navarra.es\/owncloud\/index.php\/s\/0b7w9SOicTzx7x2\/download\">Franc\u00e9s<\/a><\/p>\n<\/td>\n<td width=\"17%\">\n<p lang=\"es-ES\"><a href=\"http:\/\/zerbimendi.educacion.navarra.es\/owncloud\/index.php\/s\/0b7w9SOicTzx7x2\/download\">Alem\u00e1n<\/a><\/p>\n<\/td>\n<td width=\"17%\">\n<p lang=\"es-ES\"><a href=\"http:\/\/zerbimendi.educacion.navarra.es\/owncloud\/index.php\/s\/hec05lhRDuZSUOd\/download\">Euskara (modelo A)<\/a><\/p>\n<\/td>\n<td width=\"17%\">\n<p lang=\"es-ES\"><a href=\"http:\/\/zerbimendi.educacion.navarra.es\/owncloud\/index.php\/s\/3ExygkQrdRoJsJ7\/download\">Cultura Cl\u00e1sica<\/a><\/p>\n<\/td>\n<td width=\"17%\">\n<p lang=\"es-ES\"><a href=\"http:\/\/zerbimendi.educacion.navarra.es\/owncloud\/index.php\/s\/yY6P8gBRociTqBO\/download\">Taller de Pl\u00e1stica<\/a><\/p>\n<\/td>\n<\/tr>\n<tr valign=\"top\">\n<td width=\"17%\">\n<p lang=\"es-ES\">2\u00ba ESO<\/p>\n<\/td>\n<td width=\"17%\">\n<p lang=\"es-ES\"><a href=\"http:\/\/zerbimendi.educacion.navarra.es\/owncloud\/index.php\/s\/0b7w9SOicTzx7x2\/download\">Franc\u00e9s<\/a><\/p>\n<\/td>\n<td width=\"17%\">\n<p lang=\"es-ES\"><a href=\"http:\/\/zerbimendi.educacion.navarra.es\/owncloud\/index.php\/s\/0b7w9SOicTzx7x2\/download\">Alem\u00e1n<\/a><\/p>\n<\/td>\n<td width=\"17%\">\n<p lang=\"es-ES\"><a href=\"http:\/\/zerbimendi.educacion.navarra.es\/owncloud\/index.php\/s\/hec05lhRDuZSUOd\/download\">Euskara (modelo A)<\/a><\/p>\n<\/td>\n<td width=\"17%\">\n<p lang=\"es-ES\"><a href=\"http:\/\/zerbimendi.educacion.navarra.es\/owncloud\/index.php\/s\/SlwvZBtuI09TJhB\/download\">Agrupaci\u00f3n Musical<\/a><\/p>\n<\/td>\n<td width=\"17%\">\n<p lang=\"es-ES\"><a href=\"http:\/\/zerbimendi.educacion.navarra.es\/owncloud\/index.php\/s\/yBnsl7iTQt1nws4\/download\">Juego Motor<\/a><\/p>\n<\/td>\n<\/tr>\n<tr valign=\"top\">\n<td width=\"17%\">\n<p lang=\"es-ES\">3\u00ba ESO<\/p>\n<\/td>\n<td width=\"17%\">\n<p lang=\"es-ES\"><a href=\"http:\/\/zerbimendi.educacion.navarra.es\/owncloud\/index.php\/s\/0b7w9SOicTzx7x2\/download\">Franc\u00e9s<\/a><\/p>\n<\/td>\n<td width=\"17%\">\n<p lang=\"es-ES\"><a href=\"http:\/\/zerbimendi.educacion.navarra.es\/owncloud\/index.php\/s\/0b7w9SOicTzx7x2\/download\">Alem\u00e1n<\/a><\/p>\n<\/td>\n<td width=\"17%\">\n<p lang=\"es-ES\"><a href=\"http:\/\/zerbimendi.educacion.navarra.es\/owncloud\/index.php\/s\/hec05lhRDuZSUOd\/download\">Euskara (modelo A)<\/a><\/p>\n<\/td>\n<td width=\"17%\">\n<p lang=\"es-ES\"><a href=\"http:\/\/zerbimendi.educacion.navarra.es\/owncloud\/index.php\/s\/DKaG13ubmoAoZ0t\/download\">Introducci\u00f3n a la Actividad Emprendedora y Empresarial<\/a><\/p>\n<\/td>\n<td width=\"17%\">\n<p lang=\"es-ES\"><a href=\"http:\/\/zerbimendi.educacion.navarra.es\/owncloud\/index.php\/s\/vYPOzwtCXLtICSk\/download\">An\u00e1lisis cr\u00edtico de la Actualidad<\/a><\/p>\n<\/td>\n<\/tr>\n<\/tbody>\n<\/table>\n<p>&nbsp;<\/p>\n<p>[1] En casos <strong>excepcionales<\/strong> se puede solicitar el cambio del idioma por otra optativa. Este cambio necesitar\u00e1 el visto bueno del departamento de idioma correspondiente.<\/p>\n","protected":false},"excerpt":{"rendered":"<p>Dentro de la autonom\u00eda del centro el&nbsp; IES Mendillorri oferta las siguientes asignaturas optativas para los cursos 1\u00ba, 2\u00ba y 3\u00ba de ESO. En cada curso solo se puede seleccionar una \u00fanica asignatura. Hay que tener en cuenta que los idiomas (franc\u00e9s, alem\u00e1n y euskara) son optativas de etapa y que una vez elegidas en [&hellip;]<\/p>\n","protected":false},"author":110,"featured_media":4560,"parent":0,"menu_order":0,"comment_status":"closed","ping_status":"closed","template":"","meta":{"_genesis_hide_title":false,"_genesis_hide_breadcrumbs":false,"_genesis_hide_singular_image":false,"_genesis_hide_footer_widgets":false,"_genesis_custom_body_class":"","_genesis_custom_post_class":"","_genesis_layout":""},"featured_image_src":"https:\/\/iesmendillorribhi.educacion.navarra.es\/blogs\/wp-content\/uploads\/2021\/04\/orrialdeakirudia-2-600x400.png","featured_image_src_square":"https:\/\/iesmendillorribhi.educacion.navarra.es\/blogs\/wp-content\/uploads\/2021\/04\/orrialdeakirudia-2-600x600.png","_links":{"self":[{"href":"https:\/\/iesmendillorribhi.educacion.navarra.es\/blogs\/wp-json\/wp\/v2\/pages\/2448"}],"collection":[{"href":"https:\/\/iesmendillorribhi.educacion.navarra.es\/blogs\/wp-json\/wp\/v2\/pages"}],"about":[{"href":"https:\/\/iesmendillorribhi.educacion.navarra.es\/blogs\/wp-json\/wp\/v2\/types\/page"}],"author":[{"embeddable":true,"href":"https:\/\/iesmendillorribhi.educacion.navarra.es\/blogs\/wp-json\/wp\/v2\/users\/110"}],"replies":[{"embeddable":true,"href":"https:\/\/iesmendillorribhi.educacion.navarra.es\/blogs\/wp-json\/wp\/v2\/comments?post=2448"}],"version-history":[{"count":2,"href":"https:\/\/iesmendillorribhi.educacion.navarra.es\/blogs\/wp-json\/wp\/v2\/pages\/2448\/revisions"}],"predecessor-version":[{"id":4571,"href":"https:\/\/iesmendillorribhi.educacion.navarra.es\/blogs\/wp-json\/wp\/v2\/pages\/2448\/revisions\/4571"}],"wp:featuredmedia":[{"embeddable":true,"href":"https:\/\/iesmendillorribhi.educacion.navarra.es\/blogs\/wp-json\/wp\/v2\/media\/4560"}],"wp:attachment":[{"href":"https:\/\/iesmendillorribhi.educacion.navarra.es\/blogs\/wp-json\/wp\/v2\/media?parent=2448"}],"curies":[{"name":"wp","href":"https:\/\/api.w.org\/{rel}","templated":true}]}}