{"id":4133,"date":"2021-03-05T10:19:34","date_gmt":"2021-03-05T09:19:34","guid":{"rendered":"https:\/\/iesmendillorribhi.educacion.navarra.es\/blogs\/matriculacion-y-admision\/"},"modified":"2026-03-11T08:56:04","modified_gmt":"2026-03-11T07:56:04","slug":"matriculacion-y-admision","status":"publish","type":"page","link":"https:\/\/iesmendillorribhi.educacion.navarra.es\/blogs\/matriculacion-y-admision\/","title":{"rendered":"Matriculaci\u00f3n y Admisi\u00f3n"},"content":{"rendered":"\n<h2><strong>Bachillerato 2026\/2<\/strong>7<\/h2>\n\n\n\n<p>El IES Mendillorri BHI ofrecer\u00e1 el curso siguiente 4 itinierarios de Bachillerato:<\/p>\n\n\n\n<ul><li>Ciencias de la Salud<\/li><li>Ingenier\u00eda y Tecnolog\u00eda<\/li><li>Ciencias Sociales<\/li><li>Human\u00edstico<\/li><li>Bachillerato de investigaci\u00f3n<\/li><\/ul>\n\n\n\n<h2><strong>1\u00baESO:<\/strong> <strong>Alumnado de escuelas adscritas<\/strong><\/h2>\n\n\n\n<p>Escuelas adscritas:<\/p>\n\n\n\n<ul><li><em>CPEIP Mendillorri<\/em><\/li><li><em>CPEIP El Lago<\/em><\/li><li><em>CPEIP Beriain<\/em><\/li><li><em>Elorri HLHIP<\/em><\/li><li><em>Mendigoiti HLHIP<\/em><\/li><li><em>Irulegi HLHIP<\/em><\/li><li><em>San Miguel HLHIP<\/em><em><br><\/em><\/li><\/ul>\n\n\n\n<p>Para cursar 1\u00ba ESO el alumnado de las escuelas adscritas se admite autom\u00e1ticamente. Pero adem\u00e1s de la admisi\u00f3n es necesario hacer la matr\u00edcula para actualizar los datos y seleccionar las asignaturas optativas.<\/p>\n\n\n\n<p>El plazo es algo anterior al que marca el Departamento de Educaci\u00f3n para la admisi\u00f3n de alumnado no adscrito. La documentaci\u00f3n se env\u00eda a las escuelas y las mismas escuelas lo entregan (una vez cumplimentado) en el instituto.<\/p>\n\n\n\n<p>Documentaci\u00f3n obligatoria:<\/p>\n\n\n\n<ol><li>Hoja de matr\u00edcula del instituto.<\/li><li>Autorizaci\u00f3n para salidas, im\u00e1genes y cesi\u00f3n de datos a la APYMA.<\/li><li>Informaci\u00f3n de alergias, intolerancias alimentarias y otra informaci\u00f3n relevante.<\/li><li>Fotocopia del DNI (si tuviese) \/ Libro de familia.<\/li><li>Fotocopia de la tarjeta sanitaria.<\/li><li>Fotocopia de la cartilla bancaria o certificado de titularidad bancaria.<\/li><li>Certificado de empadronamiento (familia completa) &#8211; \u00fanicamente alumnado con transporte escolar.<\/li><\/ol>\n\n\n\n<h2><strong>Alumnado no adscrito<\/strong><\/h2>\n\n\n\n<p>Alumnado que no pertenezca al IES Mendillorri o a alguno de sus centros adscritos de primaria tiene que presentar la solicitud de admisi\u00f3n. En <a href=\"https:\/\/www.navarra.es\/es\/tramites\/on\/-\/line\/preinscripcion-y-matricula-del-alumnado-educacion-secundaria-obligatoria-y-bachillerato\">este enlace<\/a> encontrar\u00e1n la informaci\u00f3n para el proceso de preinscripci\u00f3n y matricula para ESO y Bachillerato, curso 2026-2027.<\/p>\n\n\n\n<ul id=\"block-a8175afe-0133-42af-b968-82fd132f44c5\"><li><strong>Plazo ordinario<\/strong>: 9-13 de marzo de 2026.<\/li><li><strong>Fuera de plazo: <\/strong> 21-24 de agosto de 2026.<\/li><\/ul>\n\n\n\n<h3><strong>De forma telem\u00e1tica (preferentemente)<\/strong><\/h3>\n\n\n\n<p>Para realizar la matr\u00edcula de forma telem\u00e1tica hay que acceder a <a href=\"https:\/\/educa.navarra.es\/\" target=\"_blank\" rel=\"noreferrer noopener\">Educa<\/a>. En <a rel=\"noreferrer noopener\" href=\"https:\/\/drive.google.com\/file\/d\/1djhfQZcppzJlTcCdEjpmiwF-netPRZKc\/view\" target=\"_blank\">este documento<\/a> se puede encontrar informaci\u00f3n para el acceso a la plataforma.<\/p>\n\n\n\n<p>La informaci\u00f3n detallada de todo el proceso se encuentra en el <a href=\"https:\/\/docs.google.com\/document\/d\/e\/2PACX-1vTfpHEv5dN65tC_NLUUjG43h0W_mfQS6NohmBjEnIaRfFM5vp3KB8PNfrBvX-emAVfjCY5eKcM0PW1O\/pub\" target=\"_blank\" rel=\"noreferrer noopener\">siguiente enlace<\/a>.<\/p>\n\n\n\n<h3><strong>De forma presencial<\/strong><\/h3>\n\n\n\n<p>La documentaci\u00f3n se entrega en las oficinas del centro (En la sede de la calle del Lago para&nbsp; 1\u00ba y 2\u00ba de ESO y en la sede de la calle Concejo de Ustarroz para 3\u00ba&nbsp; y 4\u00ba de ESO y Bachillerato)<\/p>\n\n\n\n<p>Documentaci\u00f3n obligatoria:<\/p>\n\n\n\n<ol><li>Solicitud de admisi\u00f3n.<\/li><li>Hoja de matr\u00edcula del instituto.<\/li><li>Autorizaci\u00f3n para salidas, im\u00e1genes y cesi\u00f3n de datos a la APYMA.<\/li><li>Informaci\u00f3n de alergias, intolerancias alimentarias y otra informaci\u00f3n relevante.<\/li><li>Certificado de empadronamiento (toda la familia).<\/li><li>Fotocopia del Libro de familia o partida de nacimiento.<\/li><li>Fotocopia del DNI (alumno\/a y padre, madre o tutores legales).<\/li><li>Fotocopia de la tarjeta sanitaria.<\/li><li>Fotocopia de la cartilla bancaria o certificado de titularidad bancaria.<\/li><li>Expediente acad\u00e9mico.<\/li><\/ol>\n\n\n\n<h2><strong>Alumnado del centro<\/strong><\/h2>\n\n\n\n<p>El alumnado del instituto est\u00e1 autom\u00e1ticamente admitido para el pr\u00f3ximo curso. A\u00fan as\u00ed, tienen que realizar la matr\u00edcula para actualizar los datos y seleccionar las asignaturas optativas.<\/p>\n\n\n\n<p>Documentaci\u00f3n necesaria:<\/p>\n\n\n\n<ol><li>Hoja de matr\u00edcula del instituto.<\/li><li>Fotocopia del DNI (\u00fanicamente alumnado que se vaya a matricular en 4\u00ba ESO).<\/li><\/ol>\n","protected":false},"excerpt":{"rendered":"<p>Bachillerato 2026\/27 El IES Mendillorri BHI ofrecer\u00e1 el curso siguiente 4 itinierarios de Bachillerato: Ciencias de la Salud Ingenier\u00eda y Tecnolog\u00eda Ciencias Sociales Human\u00edstico Bachillerato de investigaci\u00f3n 1\u00baESO: Alumnado de escuelas adscritas Escuelas adscritas: CPEIP Mendillorri CPEIP El Lago CPEIP Beriain Elorri HLHIP Mendigoiti HLHIP Irulegi HLHIP San Miguel HLHIP Para cursar 1\u00ba ESO el [&hellip;]<\/p>\n","protected":false},"author":110,"featured_media":4560,"parent":0,"menu_order":0,"comment_status":"closed","ping_status":"closed","template":"templates\/blocks.php","meta":{"_genesis_hide_title":false,"_genesis_hide_breadcrumbs":false,"_genesis_hide_singular_image":true,"_genesis_hide_footer_widgets":false,"_genesis_custom_body_class":"","_genesis_custom_post_class":"","_genesis_layout":"full-width-content"},"featured_image_src":"https:\/\/iesmendillorribhi.educacion.navarra.es\/blogs\/wp-content\/uploads\/2021\/04\/orrialdeakirudia-2-600x400.png","featured_image_src_square":"https:\/\/iesmendillorribhi.educacion.navarra.es\/blogs\/wp-content\/uploads\/2021\/04\/orrialdeakirudia-2-600x600.png","_links":{"self":[{"href":"https:\/\/iesmendillorribhi.educacion.navarra.es\/blogs\/wp-json\/wp\/v2\/pages\/4133"}],"collection":[{"href":"https:\/\/iesmendillorribhi.educacion.navarra.es\/blogs\/wp-json\/wp\/v2\/pages"}],"about":[{"href":"https:\/\/iesmendillorribhi.educacion.navarra.es\/blogs\/wp-json\/wp\/v2\/types\/page"}],"author":[{"embeddable":true,"href":"https:\/\/iesmendillorribhi.educacion.navarra.es\/blogs\/wp-json\/wp\/v2\/users\/110"}],"replies":[{"embeddable":true,"href":"https:\/\/iesmendillorribhi.educacion.navarra.es\/blogs\/wp-json\/wp\/v2\/comments?post=4133"}],"version-history":[{"count":24,"href":"https:\/\/iesmendillorribhi.educacion.navarra.es\/blogs\/wp-json\/wp\/v2\/pages\/4133\/revisions"}],"predecessor-version":[{"id":9598,"href":"https:\/\/iesmendillorribhi.educacion.navarra.es\/blogs\/wp-json\/wp\/v2\/pages\/4133\/revisions\/9598"}],"wp:featuredmedia":[{"embeddable":true,"href":"https:\/\/iesmendillorribhi.educacion.navarra.es\/blogs\/wp-json\/wp\/v2\/media\/4560"}],"wp:attachment":[{"href":"https:\/\/iesmendillorribhi.educacion.navarra.es\/blogs\/wp-json\/wp\/v2\/media?parent=4133"}],"curies":[{"name":"wp","href":"https:\/\/api.w.org\/{rel}","templated":true}]}}