{"id":5513,"date":"2021-06-22T12:31:28","date_gmt":"2021-06-22T10:31:28","guid":{"rendered":"https:\/\/iesmendillorribhi.educacion.navarra.es\/blogs\/?page_id=5513"},"modified":"2025-09-05T12:22:54","modified_gmt":"2025-09-05T10:22:54","slug":"chromebooks","status":"publish","type":"page","link":"https:\/\/iesmendillorribhi.educacion.navarra.es\/blogs\/chromebooks\/","title":{"rendered":"Chromebooks y Taquillas"},"content":{"rendered":"\n<p class=\"has-larger-font-size\"><strong>Chromebooks<\/strong><\/p>\n\n\n\n<p>En <a href=\"https:\/\/docs.google.com\/document\/d\/1wRLY8Z6MemqIohRtUD6_rD-3xOxVDYVjXc43Fm48Ra0\/edit?usp=sharing\">este enlace<\/a> se encuentra el reglamento de pr\u00e9stamo de Chromebooks para el alumnado de secundaria en Navarra.<\/p>\n\n\n\n<p>Una vez le\u00eddo es necesario que cada familia <strong>entregue firmado al tutor \/ a la tutora<\/strong> la aceptaci\u00f3n de criterios de uso que se puede descargar debajo.<\/p>\n\n\n\n<p><strong>Aceptaci\u00f3n de compromiso<\/strong><\/p>\n\n\n\n<div class=\"wp-block-file\"><object class=\"wp-block-file__embed\" data=\"https:\/\/iesmendillorribhi.educacion.navarra.es\/blogs\/wp-content\/uploads\/2025\/09\/Aceptacion-de-compromiso-2.pdf\" type=\"application\/pdf\" style=\"width:100%;height:200px\" aria-label=\"Embed of Aceptacion-de-compromiso-2.\"><\/object><a id=\"wp-block-file--media-1378f005-012c-4c7d-af61-5dea287aace5\" href=\"https:\/\/iesmendillorribhi.educacion.navarra.es\/blogs\/wp-content\/uploads\/2025\/09\/Aceptacion-de-compromiso-2.pdf\">Aceptacion-de-compromiso-2<\/a><a href=\"https:\/\/iesmendillorribhi.educacion.navarra.es\/blogs\/wp-content\/uploads\/2025\/09\/Aceptacion-de-compromiso-2.pdf\" class=\"wp-block-file__button\" download aria-describedby=\"wp-block-file--media-1378f005-012c-4c7d-af61-5dea287aace5\">Descarga<\/a><\/div>\n\n\n\n<p class=\"has-larger-font-size\"><strong>Taquillas<\/strong><\/p>\n\n\n\n<p><\/p>\n\n\n\n<p> Documentaci\u00f3n relativa al reglamento y a las condiciones de uso de taquillas de 1\u00baESO y DBH 1:<\/p>\n\n\n\n<iframe loading=\"lazy\" src=\"https:\/\/docs.google.com\/document\/d\/1SlhFEJbLNemCjX58abIq3rGEpOAawUmbJ-ozjCeqp_A\/pub?embedded=true\" height=\"2000\" width=\"2000\"><\/iframe>\n","protected":false},"excerpt":{"rendered":"<p>Chromebooks En este enlace se encuentra el reglamento de pr\u00e9stamo de Chromebooks para el alumnado de secundaria en Navarra. Una vez le\u00eddo es necesario que cada familia entregue firmado al tutor \/ a la tutora la aceptaci\u00f3n de criterios de uso que se puede descargar debajo. Aceptaci\u00f3n de compromiso Taquillas Documentaci\u00f3n relativa al reglamento y [&hellip;]<\/p>\n","protected":false},"author":110,"featured_media":0,"parent":0,"menu_order":0,"comment_status":"closed","ping_status":"closed","template":"templates\/blocks.php","meta":{"_genesis_hide_title":false,"_genesis_hide_breadcrumbs":false,"_genesis_hide_singular_image":false,"_genesis_hide_footer_widgets":false,"_genesis_custom_body_class":"","_genesis_custom_post_class":"","_genesis_layout":""},"featured_image_src":null,"featured_image_src_square":null,"_links":{"self":[{"href":"https:\/\/iesmendillorribhi.educacion.navarra.es\/blogs\/wp-json\/wp\/v2\/pages\/5513"}],"collection":[{"href":"https:\/\/iesmendillorribhi.educacion.navarra.es\/blogs\/wp-json\/wp\/v2\/pages"}],"about":[{"href":"https:\/\/iesmendillorribhi.educacion.navarra.es\/blogs\/wp-json\/wp\/v2\/types\/page"}],"author":[{"embeddable":true,"href":"https:\/\/iesmendillorribhi.educacion.navarra.es\/blogs\/wp-json\/wp\/v2\/users\/110"}],"replies":[{"embeddable":true,"href":"https:\/\/iesmendillorribhi.educacion.navarra.es\/blogs\/wp-json\/wp\/v2\/comments?post=5513"}],"version-history":[{"count":6,"href":"https:\/\/iesmendillorribhi.educacion.navarra.es\/blogs\/wp-json\/wp\/v2\/pages\/5513\/revisions"}],"predecessor-version":[{"id":9082,"href":"https:\/\/iesmendillorribhi.educacion.navarra.es\/blogs\/wp-json\/wp\/v2\/pages\/5513\/revisions\/9082"}],"wp:attachment":[{"href":"https:\/\/iesmendillorribhi.educacion.navarra.es\/blogs\/wp-json\/wp\/v2\/media?parent=5513"}],"curies":[{"name":"wp","href":"https:\/\/api.w.org\/{rel}","templated":true}]}}