{"id":7469,"date":"2023-06-21T18:45:13","date_gmt":"2023-06-21T16:45:13","guid":{"rendered":"https:\/\/iesmendillorribhi.educacion.navarra.es\/blogs\/?page_id=7469"},"modified":"2025-09-03T10:04:03","modified_gmt":"2025-09-03T08:04:03","slug":"recuperacion-de-pendientes","status":"publish","type":"page","link":"https:\/\/iesmendillorribhi.educacion.navarra.es\/blogs\/recuperacion-de-pendientes\/","title":{"rendered":"Recuperaci\u00f3n de pendientes"},"content":{"rendered":"\n<h2><\/h2>\n\n\n\n<ul><li><a href=\"https:\/\/drive.google.com\/drive\/folders\/1D18AQ_bqeAU0OQjgfMNe1pgAbR4qmWpn?usp=sharing\">Matem\u00e1ticas<\/a><\/li><li><a href=\"https:\/\/docs.google.com\/document\/d\/10-9SVbz5wURGyYJmOzjnnU4IPGl34HIftcK9C5QTPD8\/edit?usp=sharing\">Econom\u00eda<\/a><\/li><li><a href=\"https:\/\/drive.google.com\/drive\/folders\/1OpAS2681r6F7Q0EZY1Yf3mHrsgMqzyEU?usp=sharing\">M\u00fasica<\/a><\/li><li><a href=\"https:\/\/docs.google.com\/document\/d\/1pXsVOy6xwtHEfuzDsM_IIzUu0j_64toC-ogW8TFBcRI\/edit?usp=sharing\">Tecnolog\u00eda<\/a><\/li><li><a href=\"https:\/\/drive.google.com\/drive\/folders\/1HJmcE5BxjFUHSJSLebPGjCv1lKECTnP1?usp=drive_link\">Biolog\u00eda<\/a><\/li><li><a href=\"https:\/\/drive.google.com\/drive\/folders\/1mN1oSfY9u7qmRn35AAQ0XgdteIQ4niIe?usp=sharing\">Ingl\u00e9s<\/a><\/li><li><a href=\"https:\/\/docs.google.com\/document\/d\/159xI5hhzbhFofWi1C0sPm6n1SULxSUYE7O19rXq0Fqs\/edit?usp=sharing\">Lengua Castellana y Literatura<\/a><\/li><li><a href=\"https:\/\/drive.google.com\/drive\/folders\/1d7sJyrOZWqbadajEsO2HzdFYrRr7zAuk?usp=sharing\">F\u00edsica y Qu\u00edmica<\/a><\/li><li><a href=\"https:\/\/drive.google.com\/drive\/folders\/1CtB8QyjHX5uXy2rstLVoUy6d6HvUSGT3?usp=sharing\">Educaci\u00f3n F\u00edsica<\/a><\/li><li><a href=\"https:\/\/drive.google.com\/drive\/folders\/1guohMt3DOTCJ4cnXF84m-50oT-RgQQv5?usp=sharing\">Lat\u00edn y Griego<\/a><\/li><li><a href=\"https:\/\/docs.google.com\/document\/d\/1vYqosb7MeEB19eAZ4uW-gZ_Kvdh0B5mIw1KuncxxMGw\/edit?usp=sharing\">Religi\u00f3n<\/a><\/li><li><a href=\"https:\/\/drive.google.com\/drive\/folders\/1V2Ukftoutz8QrLMRQVw7G3DbgOswg2sc?usp=sharing\">Filosof\u00eda<\/a><\/li><li><a href=\"https:\/\/drive.google.com\/drive\/folders\/1mVUlu0uVwNcQPhhdo7s1OGv4Luv_3Dnj?usp=sharing\">Franc\u00e9s &amp; Alem\u00e1n<\/a><\/li><li><a href=\"https:\/\/drive.google.com\/drive\/folders\/1JBbv8bqCX3FJGO-w2_MKqx3UZQit5yis?usp=sharing\" data-type=\"URL\" data-id=\"https:\/\/drive.google.com\/drive\/folders\/1JBbv8bqCX3FJGO-w2_MKqx3UZQit5yis?usp=sharing\">Geograf\u00eda e Historia<\/a><\/li><li><a href=\"https:\/\/drive.google.com\/drive\/folders\/1iC20727HHSL_IWsYN70cLwnjkZokRfyK?usp=sharing\">Gesti\u00f3n Administrativa<\/a><\/li><li><a href=\"https:\/\/docs.google.com\/document\/d\/11WLp9_3ynQNJ7sQplJcr-ol5GLn9MEpKmagC6cLC37Q\/edit?usp=sharing\">Euskara<\/a><\/li><li><a href=\"https:\/\/drive.google.com\/drive\/folders\/1HWGgxyNV0Umx3tMJ-ot-b1EJ8OGLCf1a?usp=sharing\">Pl\u00e1stica<\/a><\/li><\/ul>\n\n\n\n<p><\/p>\n","protected":false},"excerpt":{"rendered":"<p>Matem\u00e1ticas Econom\u00eda M\u00fasica Tecnolog\u00eda Biolog\u00eda Ingl\u00e9s Lengua Castellana y Literatura F\u00edsica y Qu\u00edmica Educaci\u00f3n F\u00edsica Lat\u00edn y Griego Religi\u00f3n Filosof\u00eda Franc\u00e9s &amp; Alem\u00e1n Geograf\u00eda e Historia Gesti\u00f3n Administrativa Euskara Pl\u00e1stica<\/p>\n","protected":false},"author":110,"featured_media":0,"parent":0,"menu_order":0,"comment_status":"closed","ping_status":"closed","template":"","meta":{"_genesis_hide_title":false,"_genesis_hide_breadcrumbs":false,"_genesis_hide_singular_image":false,"_genesis_hide_footer_widgets":false,"_genesis_custom_body_class":"","_genesis_custom_post_class":"","_genesis_layout":""},"featured_image_src":null,"featured_image_src_square":null,"_links":{"self":[{"href":"https:\/\/iesmendillorribhi.educacion.navarra.es\/blogs\/wp-json\/wp\/v2\/pages\/7469"}],"collection":[{"href":"https:\/\/iesmendillorribhi.educacion.navarra.es\/blogs\/wp-json\/wp\/v2\/pages"}],"about":[{"href":"https:\/\/iesmendillorribhi.educacion.navarra.es\/blogs\/wp-json\/wp\/v2\/types\/page"}],"author":[{"embeddable":true,"href":"https:\/\/iesmendillorribhi.educacion.navarra.es\/blogs\/wp-json\/wp\/v2\/users\/110"}],"replies":[{"embeddable":true,"href":"https:\/\/iesmendillorribhi.educacion.navarra.es\/blogs\/wp-json\/wp\/v2\/comments?post=7469"}],"version-history":[{"count":18,"href":"https:\/\/iesmendillorribhi.educacion.navarra.es\/blogs\/wp-json\/wp\/v2\/pages\/7469\/revisions"}],"predecessor-version":[{"id":9071,"href":"https:\/\/iesmendillorribhi.educacion.navarra.es\/blogs\/wp-json\/wp\/v2\/pages\/7469\/revisions\/9071"}],"wp:attachment":[{"href":"https:\/\/iesmendillorribhi.educacion.navarra.es\/blogs\/wp-json\/wp\/v2\/media?parent=7469"}],"curies":[{"name":"wp","href":"https:\/\/api.w.org\/{rel}","templated":true}]}}