{"id":7641,"date":"2023-10-18T12:50:58","date_gmt":"2023-10-18T10:50:58","guid":{"rendered":"https:\/\/iesmendillorribhi.educacion.navarra.es\/blogs\/?page_id=7641"},"modified":"2023-10-19T09:46:08","modified_gmt":"2023-10-19T07:46:08","slug":"informacion-y-contacto","status":"publish","type":"page","link":"https:\/\/iesmendillorribhi.educacion.navarra.es\/blogs\/informacion-y-contacto\/","title":{"rendered":"Informaci\u00f3n y contacto"},"content":{"rendered":"\n<p>El proyecto \u201cErasmus +\u201d est\u00e1 cofinanciado por la Uni\u00f3n Europea. Las opiniones y<br>puntos de vista expresados publicaci\u00f3n s\u00f3lo comprometen a su(s) autor(es) del IES Mendillorri BHI y no reflejan necesariamente los de la Uni\u00f3n Europea ni los del Servicio Espa\u00f1ol para la Internacionalizaci\u00f3n de la Educaci\u00f3n (SEPIE). Ni la Uni\u00f3n Europea ni la Agencia Nacional SEPIE pueden ser considerados responsables de ellos.<\/p>\n\n\n\n<p>Contacto de responsable de internacionalizaci\u00f3n de FP: <\/p>\n\n\n\n<p>iesmendi-nazioarte@educacion.navarra.es<\/p>\n\n\n\n<figure class=\"wp-block-image size-large\"><a href=\"https:\/\/iesmendillorribhi.educacion.navarra.es\/blogs\/wp-content\/uploads\/2023\/10\/es_cofinanciado_por_la_union_europea_pantone-1.png\"><img loading=\"lazy\" width=\"1024\" height=\"215\" src=\"https:\/\/iesmendillorribhi.educacion.navarra.es\/blogs\/wp-content\/uploads\/2023\/10\/es_cofinanciado_por_la_union_europea_pantone-1-1024x215.png\" alt=\"\" class=\"wp-image-7630\" srcset=\"https:\/\/iesmendillorribhi.educacion.navarra.es\/blogs\/wp-content\/uploads\/2023\/10\/es_cofinanciado_por_la_union_europea_pantone-1-1024x215.png 1024w, https:\/\/iesmendillorribhi.educacion.navarra.es\/blogs\/wp-content\/uploads\/2023\/10\/es_cofinanciado_por_la_union_europea_pantone-1-300x63.png 300w, https:\/\/iesmendillorribhi.educacion.navarra.es\/blogs\/wp-content\/uploads\/2023\/10\/es_cofinanciado_por_la_union_europea_pantone-1-768x161.png 768w, https:\/\/iesmendillorribhi.educacion.navarra.es\/blogs\/wp-content\/uploads\/2023\/10\/es_cofinanciado_por_la_union_europea_pantone-1-1536x322.png 1536w, https:\/\/iesmendillorribhi.educacion.navarra.es\/blogs\/wp-content\/uploads\/2023\/10\/es_cofinanciado_por_la_union_europea_pantone-1-2048x429.png 2048w, https:\/\/iesmendillorribhi.educacion.navarra.es\/blogs\/wp-content\/uploads\/2023\/10\/es_cofinanciado_por_la_union_europea_pantone-1-1600x335.png 1600w\" sizes=\"(max-width: 1024px) 100vw, 1024px\" \/><\/a><\/figure>\n","protected":false},"excerpt":{"rendered":"<p>El proyecto \u201cErasmus +\u201d est\u00e1 cofinanciado por la Uni\u00f3n Europea. Las opiniones ypuntos de vista expresados publicaci\u00f3n s\u00f3lo comprometen a su(s) autor(es) del IES Mendillorri BHI y no reflejan necesariamente los de la Uni\u00f3n Europea ni los del Servicio Espa\u00f1ol para la Internacionalizaci\u00f3n de la Educaci\u00f3n (SEPIE). Ni la Uni\u00f3n Europea ni la Agencia Nacional [&hellip;]<\/p>\n","protected":false},"author":110,"featured_media":0,"parent":0,"menu_order":0,"comment_status":"closed","ping_status":"closed","template":"","meta":{"_genesis_hide_title":false,"_genesis_hide_breadcrumbs":false,"_genesis_hide_singular_image":false,"_genesis_hide_footer_widgets":false,"_genesis_custom_body_class":"","_genesis_custom_post_class":"","_genesis_layout":""},"featured_image_src":null,"featured_image_src_square":null,"_links":{"self":[{"href":"https:\/\/iesmendillorribhi.educacion.navarra.es\/blogs\/wp-json\/wp\/v2\/pages\/7641"}],"collection":[{"href":"https:\/\/iesmendillorribhi.educacion.navarra.es\/blogs\/wp-json\/wp\/v2\/pages"}],"about":[{"href":"https:\/\/iesmendillorribhi.educacion.navarra.es\/blogs\/wp-json\/wp\/v2\/types\/page"}],"author":[{"embeddable":true,"href":"https:\/\/iesmendillorribhi.educacion.navarra.es\/blogs\/wp-json\/wp\/v2\/users\/110"}],"replies":[{"embeddable":true,"href":"https:\/\/iesmendillorribhi.educacion.navarra.es\/blogs\/wp-json\/wp\/v2\/comments?post=7641"}],"version-history":[{"count":3,"href":"https:\/\/iesmendillorribhi.educacion.navarra.es\/blogs\/wp-json\/wp\/v2\/pages\/7641\/revisions"}],"predecessor-version":[{"id":7647,"href":"https:\/\/iesmendillorribhi.educacion.navarra.es\/blogs\/wp-json\/wp\/v2\/pages\/7641\/revisions\/7647"}],"wp:attachment":[{"href":"https:\/\/iesmendillorribhi.educacion.navarra.es\/blogs\/wp-json\/wp\/v2\/media?parent=7641"}],"curies":[{"name":"wp","href":"https:\/\/api.w.org\/{rel}","templated":true}]}}